{"id":114,"date":"2022-01-20T13:59:40","date_gmt":"2022-01-20T12:59:40","guid":{"rendered":"https:\/\/cgw.gmbh\/starter06\/?page_id=114"},"modified":"2022-11-14T14:19:11","modified_gmt":"2022-11-14T13:19:11","slug":"dienstleistungen","status":"publish","type":"page","link":"https:\/\/cgw.gmbh\/starter06\/dienstleistungen\/","title":{"rendered":"Dienstleistungen"},"content":{"rendered":"\t\t<div data-elementor-type=\"wp-page\" data-elementor-id=\"114\" class=\"elementor elementor-114\" data-elementor-post-type=\"page\">\n\t\t\t\t\t\t<section class=\"elementor-section elementor-top-section elementor-element elementor-element-af203eb elementor-section-boxed elementor-section-height-default elementor-section-height-default\" data-id=\"af203eb\" data-element_type=\"section\" data-e-type=\"section\">\n\t\t\t\t\t\t<div class=\"elementor-container elementor-column-gap-default\">\n\t\t\t\t\t<div class=\"elementor-column elementor-col-100 elementor-top-column elementor-element elementor-element-70d5016\" data-id=\"70d5016\" data-element_type=\"column\" data-e-type=\"column\">\n\t\t\t<div class=\"elementor-widget-wrap elementor-element-populated\">\n\t\t\t\t\t\t<div class=\"elementor-element elementor-element-f4c56a8 elementor-widget elementor-widget-heading\" data-id=\"f4c56a8\" data-element_type=\"widget\" data-e-type=\"widget\" data-widget_type=\"heading.default\">\n\t\t\t\t<div class=\"elementor-widget-container\">\n\t\t\t\t\t<h2 class=\"elementor-heading-title elementor-size-default\">Gute Arbeit. Konstant.<\/h2>\t\t\t\t<\/div>\n\t\t\t\t<\/div>\n\t\t\t\t<div class=\"elementor-element elementor-element-11f434f elementor-widget elementor-widget-text-editor\" data-id=\"11f434f\" data-element_type=\"widget\" data-e-type=\"widget\" data-widget_type=\"text-editor.default\">\n\t\t\t\t<div class=\"elementor-widget-container\">\n\t\t\t\t\t\t\t\t\t<p>Seit \u00fcber 35 Jahren sind wir unterwegs in Sachen Kommunikation und Marketing \u2013 f\u00fcr Kunden in Willich, Krefeld, M\u00f6nchengladbach und Kaarst genauso wie in Reutlingen, Stuttgart, Berlin und Bonn.\u00a0Qualit\u00e4t spielt die zentrale Rolle in unserer t\u00e4glichen Arbeit f\u00fcr unsere Kunden. Dabei legen wir Wert auf eine gute, schnelle, zuverl\u00e4ssige und qualitative Bearbeitung der Anliegen unserer Kunden. S\u00e4mtliche Produkte, die die CGW verlassen, werden mit entsprechender Sorgfalt bearbeitet<\/p>\t\t\t\t\t\t\t\t<\/div>\n\t\t\t\t<\/div>\n\t\t\t\t\t<\/div>\n\t\t<\/div>\n\t\t\t\t\t<\/div>\n\t\t<\/section>\n\t\t\t\t<section class=\"elementor-section elementor-top-section elementor-element elementor-element-c18dc93 elementor-section-boxed elementor-section-height-default elementor-section-height-default\" data-id=\"c18dc93\" data-element_type=\"section\" data-e-type=\"section\">\n\t\t\t\t\t\t<div class=\"elementor-container elementor-column-gap-default\">\n\t\t\t\t\t<div class=\"elementor-column elementor-col-100 elementor-top-column elementor-element elementor-element-44d42e4\" data-id=\"44d42e4\" data-element_type=\"column\" data-e-type=\"column\">\n\t\t\t<div class=\"elementor-widget-wrap elementor-element-populated\">\n\t\t\t\t\t\t<div class=\"elementor-element elementor-element-8efef54 elementor-widget elementor-widget-heading\" data-id=\"8efef54\" data-element_type=\"widget\" data-e-type=\"widget\" data-widget_type=\"heading.default\">\n\t\t\t\t<div class=\"elementor-widget-container\">\n\t\t\t\t\t<h2 class=\"elementor-heading-title elementor-size-default\">Spezielle Leistungen im Detail<\/h2>\t\t\t\t<\/div>\n\t\t\t\t<\/div>\n\t\t\t\t<div class=\"elementor-element elementor-element-bcfca7c elementor-cta--layout-image-left elementor-widget__width-initial elementor-widget-tablet__width-inherit elementor-cta--skin-classic elementor-animated-content elementor-bg-transform elementor-bg-transform-zoom-in elementor-widget elementor-widget-call-to-action\" data-id=\"bcfca7c\" data-element_type=\"widget\" data-e-type=\"widget\" data-widget_type=\"call-to-action.default\">\n\t\t\t\t<div class=\"elementor-widget-container\">\n\t\t\t\t\t\t\t<div class=\"elementor-cta\">\n\t\t\t\t\t\t\t<div class=\"elementor-cta__content\">\n\t\t\t\t\t\t\t\t\t<div class=\"elementor-content-item elementor-cta__content-item elementor-icon-wrapper elementor-cta__icon elementor-view-default\">\n\t\t\t\t\t\t<div class=\"elementor-icon\">\n\t\t\t\t\t\t\t<i aria-hidden=\"true\" class=\"fas fa-laptop-code\"><\/i>\t\t\t\t\t\t<\/div>\n\t\t\t\t\t<\/div>\n\t\t\t\t\n\t\t\t\t\t\t\t\t\t<h2 class=\"elementor-cta__title elementor-cta__content-item elementor-content-item\">\n\t\t\t\t\t\tWeb\t\t\t\t\t<\/h2>\n\t\t\t\t\n\t\t\t\t\t\t\t\t\t<div class=\"elementor-cta__description elementor-cta__content-item elementor-content-item\">\n\t\t\t\t\t\tImmer auf dem Laufenden bleiben Das Internet mit seinen Kan\u00e4len ist fester Bestandteil im Online-Marketing und st\u00e4ndig in Bewegung.\t\t\t\t\t<\/div>\n\t\t\t\t\n\t\t\t\t\t\t\t\t\t<div class=\"elementor-cta__button-wrapper elementor-cta__content-item elementor-content-item \">\n\t\t\t\t\t<a class=\"elementor-cta__button elementor-button elementor-size-\" href=\"https:\/\/cgw.gmbh\/starter06\/dienstleistungen\/web\/\">\n\t\t\t\t\t\tMehr erfahren <i aria-hidden=\"true\" class=\"fas fa-angle-right\"><\/i>\t\t\t\t\t<\/a>\n\t\t\t\t\t<\/div>\n\t\t\t\t\t\t\t<\/div>\n\t\t\t\t\t\t<\/div>\n\t\t\t\t\t\t<\/div>\n\t\t\t\t<\/div>\n\t\t\t\t<div class=\"elementor-element elementor-element-9e3109c elementor-cta--layout-image-left elementor-widget__width-initial elementor-widget-tablet__width-inherit elementor-cta--skin-classic elementor-animated-content elementor-bg-transform elementor-bg-transform-zoom-in elementor-widget elementor-widget-call-to-action\" data-id=\"9e3109c\" data-element_type=\"widget\" data-e-type=\"widget\" data-widget_type=\"call-to-action.default\">\n\t\t\t\t<div class=\"elementor-widget-container\">\n\t\t\t\t\t\t\t<div class=\"elementor-cta\">\n\t\t\t\t\t\t\t<div class=\"elementor-cta__content\">\n\t\t\t\t\t\t\t\t\t<div class=\"elementor-content-item elementor-cta__content-item elementor-icon-wrapper elementor-cta__icon elementor-view-default\">\n\t\t\t\t\t\t<div class=\"elementor-icon\">\n\t\t\t\t\t\t\t<i aria-hidden=\"true\" class=\"fas fa-mobile-alt\"><\/i>\t\t\t\t\t\t<\/div>\n\t\t\t\t\t<\/div>\n\t\t\t\t\n\t\t\t\t\t\t\t\t\t<h2 class=\"elementor-cta__title elementor-cta__content-item elementor-content-item\">\n\t\t\t\t\t\tSOCIAL MEDIA\t\t\t\t\t<\/h2>\n\t\t\t\t\n\t\t\t\t\t\t\t\t\t<div class=\"elementor-cta__description elementor-cta__content-item elementor-content-item\">\n\t\t\t\t\t\tGanzheitliche Social Media Betreuung Wir k\u00fcmmern uns um Ihre ganzheitliche Social Media Betreuung. Dabei spielt es keine Rolle, ob es\t\t\t\t\t<\/div>\n\t\t\t\t\n\t\t\t\t\t\t\t\t\t<div class=\"elementor-cta__button-wrapper elementor-cta__content-item elementor-content-item \">\n\t\t\t\t\t<a class=\"elementor-cta__button elementor-button elementor-size-\" href=\"https:\/\/cgw.gmbh\/starter06\/dienstleistungen\/social-media\/\">\n\t\t\t\t\t\tMehr erfahren <i aria-hidden=\"true\" class=\"fas fa-angle-right\"><\/i>\t\t\t\t\t<\/a>\n\t\t\t\t\t<\/div>\n\t\t\t\t\t\t\t<\/div>\n\t\t\t\t\t\t<\/div>\n\t\t\t\t\t\t<\/div>\n\t\t\t\t<\/div>\n\t\t\t\t<div class=\"elementor-element elementor-element-0160ac9 elementor-cta--layout-image-left elementor-widget__width-initial elementor-widget-tablet__width-inherit elementor-cta--skin-classic elementor-animated-content elementor-bg-transform elementor-bg-transform-zoom-in elementor-widget elementor-widget-call-to-action\" data-id=\"0160ac9\" data-element_type=\"widget\" data-e-type=\"widget\" data-widget_type=\"call-to-action.default\">\n\t\t\t\t<div class=\"elementor-widget-container\">\n\t\t\t\t\t\t\t<div class=\"elementor-cta\">\n\t\t\t\t\t\t\t<div class=\"elementor-cta__content\">\n\t\t\t\t\t\t\t\t\t<div class=\"elementor-content-item elementor-cta__content-item elementor-icon-wrapper elementor-cta__icon elementor-view-default\">\n\t\t\t\t\t\t<div class=\"elementor-icon\">\n\t\t\t\t\t\t\t<i aria-hidden=\"true\" class=\"fas fa-laptop-code\"><\/i>\t\t\t\t\t\t<\/div>\n\t\t\t\t\t<\/div>\n\t\t\t\t\n\t\t\t\t\t\t\t\t\t<h2 class=\"elementor-cta__title elementor-cta__content-item elementor-content-item\">\n\t\t\t\t\t\tSEO &amp; SEA\t\t\t\t\t<\/h2>\n\t\t\t\t\n\t\t\t\t\t\t\t\t\t<div class=\"elementor-cta__description elementor-cta__content-item elementor-content-item\">\n\t\t\t\t\t\tSuchmaschinenoptimierung &amp; Suchmaschinenwerbung Je gr\u00f6\u00dfer der Wettbewerb im Internet, desto mehr Anstrengungen sind notwendig\t\t\t\t\t<\/div>\n\t\t\t\t\n\t\t\t\t\t\t\t\t\t<div class=\"elementor-cta__button-wrapper elementor-cta__content-item elementor-content-item \">\n\t\t\t\t\t<a class=\"elementor-cta__button elementor-button elementor-size-\" href=\"https:\/\/cgw.gmbh\/starter06\/dienstleistungen\/seo-sea\/\">\n\t\t\t\t\t\tMehr erfahren <i aria-hidden=\"true\" class=\"fas fa-angle-right\"><\/i>\t\t\t\t\t<\/a>\n\t\t\t\t\t<\/div>\n\t\t\t\t\t\t\t<\/div>\n\t\t\t\t\t\t<\/div>\n\t\t\t\t\t\t<\/div>\n\t\t\t\t<\/div>\n\t\t\t\t\t<\/div>\n\t\t<\/div>\n\t\t\t\t\t<\/div>\n\t\t<\/section>\n\t\t\t\t<\/div>\n\t\t","protected":false},"excerpt":{"rendered":"<p>Gute Arbeit. Konstant. Seit \u00fcber 35 Jahren sind wir unterwegs in Sachen Kommunikation und Marketing \u2013 f\u00fcr Kunden in Willich, Krefeld, M\u00f6nchengladbach und Kaarst genauso wie in Reutlingen, Stuttgart, Berlin und Bonn.\u00a0Qualit\u00e4t spielt die zentrale Rolle in unserer t\u00e4glichen Arbeit f\u00fcr unsere Kunden. Dabei legen wir Wert auf eine gute, schnelle, zuverl\u00e4ssige und qualitative Bearbeitung [&hellip;]<\/p>\n","protected":false},"author":1,"featured_media":105,"parent":0,"menu_order":0,"comment_status":"closed","ping_status":"closed","template":"","meta":{"footnotes":""},"class_list":["post-114","page","type-page","status-publish","has-post-thumbnail","hentry"],"yoast_head":"<!-- This site is optimized with the Yoast SEO plugin v27.4 - https:\/\/yoast.com\/product\/yoast-seo-wordpress\/ -->\n<title>Dienstleistungen - Starter 06<\/title>\n<meta name=\"robots\" content=\"noindex, follow, max-snippet:-1, max-image-preview:large, max-video-preview:-1\" \/>\n<meta property=\"og:locale\" content=\"de_DE\" \/>\n<meta property=\"og:type\" content=\"article\" \/>\n<meta property=\"og:title\" content=\"Dienstleistungen - Starter 06\" \/>\n<meta property=\"og:description\" content=\"Gute Arbeit. Konstant. Seit \u00fcber 35 Jahren sind wir unterwegs in Sachen Kommunikation und Marketing \u2013 f\u00fcr Kunden in Willich, Krefeld, M\u00f6nchengladbach und Kaarst genauso wie in Reutlingen, Stuttgart, Berlin und Bonn.\u00a0Qualit\u00e4t spielt die zentrale Rolle in unserer t\u00e4glichen Arbeit f\u00fcr unsere Kunden. Dabei legen wir Wert auf eine gute, schnelle, zuverl\u00e4ssige und qualitative Bearbeitung [&hellip;]\" \/>\n<meta property=\"og:url\" content=\"https:\/\/cgw.gmbh\/starter06\/dienstleistungen\/\" \/>\n<meta property=\"og:site_name\" content=\"Starter 06\" \/>\n<meta property=\"article:modified_time\" content=\"2022-11-14T13:19:11+00:00\" \/>\n<meta property=\"og:image\" content=\"https:\/\/cgw.gmbh\/starter06\/wp-content\/uploads\/sites\/4\/2022\/01\/cgw-platzhalter_buerogegenstaende_dynamisch.jpg\" \/>\n\t<meta property=\"og:image:width\" content=\"1000\" \/>\n\t<meta property=\"og:image:height\" content=\"667\" \/>\n\t<meta property=\"og:image:type\" content=\"image\/jpeg\" \/>\n<meta name=\"twitter:card\" content=\"summary_large_image\" \/>\n<meta name=\"twitter:label1\" content=\"Gesch\u00e4tzte Lesezeit\" \/>\n\t<meta name=\"twitter:data1\" content=\"1\u00a0Minute\" \/>\n<script type=\"application\/ld+json\" class=\"yoast-schema-graph\">{\"@context\":\"https:\\\/\\\/schema.org\",\"@graph\":[{\"@type\":\"WebPage\",\"@id\":\"https:\\\/\\\/cgw.gmbh\\\/starter06\\\/dienstleistungen\\\/\",\"url\":\"https:\\\/\\\/cgw.gmbh\\\/starter06\\\/dienstleistungen\\\/\",\"name\":\"Dienstleistungen - Starter 06\",\"isPartOf\":{\"@id\":\"https:\\\/\\\/cgw.gmbh\\\/starter06\\\/#website\"},\"primaryImageOfPage\":{\"@id\":\"https:\\\/\\\/cgw.gmbh\\\/starter06\\\/dienstleistungen\\\/#primaryimage\"},\"image\":{\"@id\":\"https:\\\/\\\/cgw.gmbh\\\/starter06\\\/dienstleistungen\\\/#primaryimage\"},\"thumbnailUrl\":\"https:\\\/\\\/cgw.gmbh\\\/starter06\\\/wp-content\\\/uploads\\\/sites\\\/4\\\/2022\\\/01\\\/cgw-platzhalter_buerogegenstaende_dynamisch.jpg\",\"datePublished\":\"2022-01-20T12:59:40+00:00\",\"dateModified\":\"2022-11-14T13:19:11+00:00\",\"breadcrumb\":{\"@id\":\"https:\\\/\\\/cgw.gmbh\\\/starter06\\\/dienstleistungen\\\/#breadcrumb\"},\"inLanguage\":\"de\",\"potentialAction\":[{\"@type\":\"ReadAction\",\"target\":[\"https:\\\/\\\/cgw.gmbh\\\/starter06\\\/dienstleistungen\\\/\"]}]},{\"@type\":\"ImageObject\",\"inLanguage\":\"de\",\"@id\":\"https:\\\/\\\/cgw.gmbh\\\/starter06\\\/dienstleistungen\\\/#primaryimage\",\"url\":\"https:\\\/\\\/cgw.gmbh\\\/starter06\\\/wp-content\\\/uploads\\\/sites\\\/4\\\/2022\\\/01\\\/cgw-platzhalter_buerogegenstaende_dynamisch.jpg\",\"contentUrl\":\"https:\\\/\\\/cgw.gmbh\\\/starter06\\\/wp-content\\\/uploads\\\/sites\\\/4\\\/2022\\\/01\\\/cgw-platzhalter_buerogegenstaende_dynamisch.jpg\",\"width\":1000,\"height\":667},{\"@type\":\"BreadcrumbList\",\"@id\":\"https:\\\/\\\/cgw.gmbh\\\/starter06\\\/dienstleistungen\\\/#breadcrumb\",\"itemListElement\":[{\"@type\":\"ListItem\",\"position\":1,\"name\":\"Startseite\",\"item\":\"https:\\\/\\\/cgw.gmbh\\\/starter06\\\/\"},{\"@type\":\"ListItem\",\"position\":2,\"name\":\"Dienstleistungen\"}]},{\"@type\":\"WebSite\",\"@id\":\"https:\\\/\\\/cgw.gmbh\\\/starter06\\\/#website\",\"url\":\"https:\\\/\\\/cgw.gmbh\\\/starter06\\\/\",\"name\":\"Starter 06\",\"description\":\"Agentur f\u00fcr Full-Service-Kommunikation\",\"publisher\":{\"@id\":\"https:\\\/\\\/cgw.gmbh\\\/starter06\\\/#organization\"},\"potentialAction\":[{\"@type\":\"SearchAction\",\"target\":{\"@type\":\"EntryPoint\",\"urlTemplate\":\"https:\\\/\\\/cgw.gmbh\\\/starter06\\\/?s={search_term_string}\"},\"query-input\":{\"@type\":\"PropertyValueSpecification\",\"valueRequired\":true,\"valueName\":\"search_term_string\"}}],\"inLanguage\":\"de\"},{\"@type\":\"Organization\",\"@id\":\"https:\\\/\\\/cgw.gmbh\\\/starter06\\\/#organization\",\"name\":\"Starter 06\",\"url\":\"https:\\\/\\\/cgw.gmbh\\\/starter06\\\/\",\"logo\":{\"@type\":\"ImageObject\",\"inLanguage\":\"de\",\"@id\":\"https:\\\/\\\/cgw.gmbh\\\/starter06\\\/#\\\/schema\\\/logo\\\/image\\\/\",\"url\":\"https:\\\/\\\/cgw.gmbh\\\/starter06\\\/wp-content\\\/uploads\\\/sites\\\/4\\\/2022\\\/01\\\/cgw-web-logo.png\",\"contentUrl\":\"https:\\\/\\\/cgw.gmbh\\\/starter06\\\/wp-content\\\/uploads\\\/sites\\\/4\\\/2022\\\/01\\\/cgw-web-logo.png\",\"width\":1068,\"height\":332,\"caption\":\"Starter 06\"},\"image\":{\"@id\":\"https:\\\/\\\/cgw.gmbh\\\/starter06\\\/#\\\/schema\\\/logo\\\/image\\\/\"}}]}<\/script>\n<!-- \/ Yoast SEO plugin. -->","yoast_head_json":{"title":"Dienstleistungen - Starter 06","robots":{"index":"noindex","follow":"follow","max-snippet":"max-snippet:-1","max-image-preview":"max-image-preview:large","max-video-preview":"max-video-preview:-1"},"og_locale":"de_DE","og_type":"article","og_title":"Dienstleistungen - Starter 06","og_description":"Gute Arbeit. Konstant. Seit \u00fcber 35 Jahren sind wir unterwegs in Sachen Kommunikation und Marketing \u2013 f\u00fcr Kunden in Willich, Krefeld, M\u00f6nchengladbach und Kaarst genauso wie in Reutlingen, Stuttgart, Berlin und Bonn.\u00a0Qualit\u00e4t spielt die zentrale Rolle in unserer t\u00e4glichen Arbeit f\u00fcr unsere Kunden. Dabei legen wir Wert auf eine gute, schnelle, zuverl\u00e4ssige und qualitative Bearbeitung [&hellip;]","og_url":"https:\/\/cgw.gmbh\/starter06\/dienstleistungen\/","og_site_name":"Starter 06","article_modified_time":"2022-11-14T13:19:11+00:00","og_image":[{"width":1000,"height":667,"url":"https:\/\/cgw.gmbh\/starter06\/wp-content\/uploads\/sites\/4\/2022\/01\/cgw-platzhalter_buerogegenstaende_dynamisch.jpg","type":"image\/jpeg"}],"twitter_card":"summary_large_image","twitter_misc":{"Gesch\u00e4tzte Lesezeit":"1\u00a0Minute"},"schema":{"@context":"https:\/\/schema.org","@graph":[{"@type":"WebPage","@id":"https:\/\/cgw.gmbh\/starter06\/dienstleistungen\/","url":"https:\/\/cgw.gmbh\/starter06\/dienstleistungen\/","name":"Dienstleistungen - Starter 06","isPartOf":{"@id":"https:\/\/cgw.gmbh\/starter06\/#website"},"primaryImageOfPage":{"@id":"https:\/\/cgw.gmbh\/starter06\/dienstleistungen\/#primaryimage"},"image":{"@id":"https:\/\/cgw.gmbh\/starter06\/dienstleistungen\/#primaryimage"},"thumbnailUrl":"https:\/\/cgw.gmbh\/starter06\/wp-content\/uploads\/sites\/4\/2022\/01\/cgw-platzhalter_buerogegenstaende_dynamisch.jpg","datePublished":"2022-01-20T12:59:40+00:00","dateModified":"2022-11-14T13:19:11+00:00","breadcrumb":{"@id":"https:\/\/cgw.gmbh\/starter06\/dienstleistungen\/#breadcrumb"},"inLanguage":"de","potentialAction":[{"@type":"ReadAction","target":["https:\/\/cgw.gmbh\/starter06\/dienstleistungen\/"]}]},{"@type":"ImageObject","inLanguage":"de","@id":"https:\/\/cgw.gmbh\/starter06\/dienstleistungen\/#primaryimage","url":"https:\/\/cgw.gmbh\/starter06\/wp-content\/uploads\/sites\/4\/2022\/01\/cgw-platzhalter_buerogegenstaende_dynamisch.jpg","contentUrl":"https:\/\/cgw.gmbh\/starter06\/wp-content\/uploads\/sites\/4\/2022\/01\/cgw-platzhalter_buerogegenstaende_dynamisch.jpg","width":1000,"height":667},{"@type":"BreadcrumbList","@id":"https:\/\/cgw.gmbh\/starter06\/dienstleistungen\/#breadcrumb","itemListElement":[{"@type":"ListItem","position":1,"name":"Startseite","item":"https:\/\/cgw.gmbh\/starter06\/"},{"@type":"ListItem","position":2,"name":"Dienstleistungen"}]},{"@type":"WebSite","@id":"https:\/\/cgw.gmbh\/starter06\/#website","url":"https:\/\/cgw.gmbh\/starter06\/","name":"Starter 06","description":"Agentur f\u00fcr Full-Service-Kommunikation","publisher":{"@id":"https:\/\/cgw.gmbh\/starter06\/#organization"},"potentialAction":[{"@type":"SearchAction","target":{"@type":"EntryPoint","urlTemplate":"https:\/\/cgw.gmbh\/starter06\/?s={search_term_string}"},"query-input":{"@type":"PropertyValueSpecification","valueRequired":true,"valueName":"search_term_string"}}],"inLanguage":"de"},{"@type":"Organization","@id":"https:\/\/cgw.gmbh\/starter06\/#organization","name":"Starter 06","url":"https:\/\/cgw.gmbh\/starter06\/","logo":{"@type":"ImageObject","inLanguage":"de","@id":"https:\/\/cgw.gmbh\/starter06\/#\/schema\/logo\/image\/","url":"https:\/\/cgw.gmbh\/starter06\/wp-content\/uploads\/sites\/4\/2022\/01\/cgw-web-logo.png","contentUrl":"https:\/\/cgw.gmbh\/starter06\/wp-content\/uploads\/sites\/4\/2022\/01\/cgw-web-logo.png","width":1068,"height":332,"caption":"Starter 06"},"image":{"@id":"https:\/\/cgw.gmbh\/starter06\/#\/schema\/logo\/image\/"}}]}},"_links":{"self":[{"href":"https:\/\/cgw.gmbh\/starter06\/wp-json\/wp\/v2\/pages\/114","targetHints":{"allow":["GET"]}}],"collection":[{"href":"https:\/\/cgw.gmbh\/starter06\/wp-json\/wp\/v2\/pages"}],"about":[{"href":"https:\/\/cgw.gmbh\/starter06\/wp-json\/wp\/v2\/types\/page"}],"author":[{"embeddable":true,"href":"https:\/\/cgw.gmbh\/starter06\/wp-json\/wp\/v2\/users\/1"}],"replies":[{"embeddable":true,"href":"https:\/\/cgw.gmbh\/starter06\/wp-json\/wp\/v2\/comments?post=114"}],"version-history":[{"count":92,"href":"https:\/\/cgw.gmbh\/starter06\/wp-json\/wp\/v2\/pages\/114\/revisions"}],"predecessor-version":[{"id":1505,"href":"https:\/\/cgw.gmbh\/starter06\/wp-json\/wp\/v2\/pages\/114\/revisions\/1505"}],"wp:featuredmedia":[{"embeddable":true,"href":"https:\/\/cgw.gmbh\/starter06\/wp-json\/wp\/v2\/media\/105"}],"wp:attachment":[{"href":"https:\/\/cgw.gmbh\/starter06\/wp-json\/wp\/v2\/media?parent=114"}],"curies":[{"name":"wp","href":"https:\/\/api.w.org\/{rel}","templated":true}]}}