{"id":110,"date":"2022-01-20T13:58:54","date_gmt":"2022-01-20T12:58:54","guid":{"rendered":"https:\/\/cgw.gmbh\/starter06\/?page_id=110"},"modified":"2022-11-14T14:53:24","modified_gmt":"2022-11-14T13:53:24","slug":"blog","status":"publish","type":"page","link":"https:\/\/cgw.gmbh\/starter06\/blog\/","title":{"rendered":"Blog"},"content":{"rendered":"\t\t<div data-elementor-type=\"wp-page\" data-elementor-id=\"110\" class=\"elementor elementor-110\" data-elementor-post-type=\"page\">\n\t\t\t\t\t\t<section class=\"elementor-section elementor-top-section elementor-element elementor-element-ad4db44 elementor-section-boxed elementor-section-height-default elementor-section-height-default\" data-id=\"ad4db44\" data-element_type=\"section\" data-e-type=\"section\">\n\t\t\t\t\t\t<div class=\"elementor-container elementor-column-gap-default\">\n\t\t\t\t\t<div class=\"elementor-column elementor-col-100 elementor-top-column elementor-element elementor-element-9a9185b\" data-id=\"9a9185b\" data-element_type=\"column\" data-e-type=\"column\">\n\t\t\t<div class=\"elementor-widget-wrap elementor-element-populated\">\n\t\t\t\t\t\t<div class=\"elementor-element elementor-element-304e500 elementor-widget elementor-widget-heading\" data-id=\"304e500\" data-element_type=\"widget\" data-e-type=\"widget\" data-widget_type=\"heading.default\">\n\t\t\t\t<div class=\"elementor-widget-container\">\n\t\t\t\t\t<h2 class=\"elementor-heading-title elementor-size-default\">Livin' the CGW Life<\/h2>\t\t\t\t<\/div>\n\t\t\t\t<\/div>\n\t\t\t\t<div class=\"elementor-element elementor-element-63ca0ba elementor-widget elementor-widget-text-editor\" data-id=\"63ca0ba\" data-element_type=\"widget\" data-e-type=\"widget\" data-widget_type=\"text-editor.default\">\n\t\t\t\t<div class=\"elementor-widget-container\">\n\t\t\t\t\t\t\t\t\t<p>Der Arbeitsalltag in der CGW ist so abwechslungsreich, dass wir ganze B\u00fccher schreiben k\u00f6nnten. Weil bloggen aber schneller geht, haben wir uns daf\u00fcr entschieden.\u00a0<span style=\"color: var( --e-global-color-text );\">Unser Blog gibt aktuelle Einblicke in das Agenturleben, zeigen die Menschen, die bei uns arbeiten und vermitteln Wissenswertes rund um die Themen, mit denen wir uns Tag f\u00fcr Tag besch\u00e4ftigen.<\/span><\/p>\t\t\t\t\t\t\t\t<\/div>\n\t\t\t\t<\/div>\n\t\t\t\t\t<\/div>\n\t\t<\/div>\n\t\t\t\t\t<\/div>\n\t\t<\/section>\n\t\t\t\t<section class=\"elementor-section elementor-top-section elementor-element elementor-element-8489b73 elementor-section-boxed elementor-section-height-default elementor-section-height-default\" data-id=\"8489b73\" data-element_type=\"section\" data-e-type=\"section\">\n\t\t\t\t\t\t<div class=\"elementor-container elementor-column-gap-default\">\n\t\t\t\t\t<div class=\"elementor-column elementor-col-100 elementor-top-column elementor-element elementor-element-61f7e10\" data-id=\"61f7e10\" data-element_type=\"column\" data-e-type=\"column\">\n\t\t\t<div class=\"elementor-widget-wrap elementor-element-populated\">\n\t\t\t\t\t\t<div class=\"elementor-element elementor-element-4047d85 elementor-grid-1 elementor-grid-tablet-1 elementor-grid-mobile-1 elementor-posts--thumbnail-top elementor-widget elementor-widget-posts\" data-id=\"4047d85\" data-element_type=\"widget\" data-e-type=\"widget\" data-settings=\"{&quot;classic_columns&quot;:&quot;1&quot;,&quot;classic_columns_tablet&quot;:&quot;1&quot;,&quot;classic_columns_mobile&quot;:&quot;1&quot;,&quot;classic_row_gap&quot;:{&quot;unit&quot;:&quot;px&quot;,&quot;size&quot;:35,&quot;sizes&quot;:[]},&quot;classic_row_gap_tablet&quot;:{&quot;unit&quot;:&quot;px&quot;,&quot;size&quot;:&quot;&quot;,&quot;sizes&quot;:[]},&quot;classic_row_gap_mobile&quot;:{&quot;unit&quot;:&quot;px&quot;,&quot;size&quot;:&quot;&quot;,&quot;sizes&quot;:[]}}\" data-widget_type=\"posts.classic\">\n\t\t\t\t<div class=\"elementor-widget-container\">\n\t\t\t\t\t\t\t<div class=\"elementor-posts-container elementor-posts elementor-posts--skin-classic elementor-grid\" role=\"list\">\n\t\t\t\t<article class=\"elementor-post elementor-grid-item post-166 post type-post status-publish format-standard has-post-thumbnail hentry category-die-cgw-nerds\" role=\"listitem\">\n\t\t\t\t<a class=\"elementor-post__thumbnail__link\" href=\"https:\/\/cgw.gmbh\/starter06\/die-cgw-nerds\/linkedin-message-ads-erreichen-sie-ihre-zielgruppe-direkt-ueber-den-linkedin-chat\/\" tabindex=\"-1\" >\n\t\t\t<div class=\"elementor-post__thumbnail\"><img fetchpriority=\"high\" decoding=\"async\" width=\"768\" height=\"512\" src=\"https:\/\/cgw.gmbh\/starter06\/wp-content\/uploads\/sites\/4\/2022\/01\/cgw-platzhalter_blog-beitrag-linkedin-ads-768x512.jpg\" class=\"attachment-medium_large size-medium_large wp-image-104\" alt=\"\" srcset=\"https:\/\/cgw.gmbh\/starter06\/wp-content\/uploads\/sites\/4\/2022\/01\/cgw-platzhalter_blog-beitrag-linkedin-ads-768x512.jpg 768w, https:\/\/cgw.gmbh\/starter06\/wp-content\/uploads\/sites\/4\/2022\/01\/cgw-platzhalter_blog-beitrag-linkedin-ads-300x200.jpg 300w, https:\/\/cgw.gmbh\/starter06\/wp-content\/uploads\/sites\/4\/2022\/01\/cgw-platzhalter_blog-beitrag-linkedin-ads.jpg 1000w\" sizes=\"(max-width: 768px) 100vw, 768px\" \/><\/div>\n\t\t<\/a>\n\t\t\t\t<div class=\"elementor-post__text\">\n\t\t\t\t<h3 class=\"elementor-post__title\">\n\t\t\t<a href=\"https:\/\/cgw.gmbh\/starter06\/die-cgw-nerds\/linkedin-message-ads-erreichen-sie-ihre-zielgruppe-direkt-ueber-den-linkedin-chat\/\" >\n\t\t\t\tLinkedIn Message Ads: Erreichen Sie Ihre Zielgruppe direkt \u00fcber den LinkedIn Chat\t\t\t<\/a>\n\t\t<\/h3>\n\t\t\t\t<div class=\"elementor-post__meta-data\">\n\t\t\t\t\t<span class=\"elementor-post-date\">\n\t\t\t20. Januar 2022\t\t<\/span>\n\t\t\t\t<\/div>\n\t\t\t\t<div class=\"elementor-post__excerpt\">\n\t\t\t<p>LinkedIn gilt als eins der wichtigsten Business-Netzwerke der Welt. Wie auch auf anderen sozialen Netzwerken sind hier Inhalte jeglicher Art f\u00fcr alle Kontakte sichtbar. Diese<\/p>\n\t\t<\/div>\n\t\t\n\t\t<a class=\"elementor-post__read-more\" href=\"https:\/\/cgw.gmbh\/starter06\/die-cgw-nerds\/linkedin-message-ads-erreichen-sie-ihre-zielgruppe-direkt-ueber-den-linkedin-chat\/\" aria-label=\"Mehr \u00fcber LinkedIn Message Ads: Erreichen Sie Ihre Zielgruppe direkt \u00fcber den LinkedIn Chat\" tabindex=\"-1\" >\n\t\t\tWeiterlesen \u00bb\t\t<\/a>\n\n\t\t\t\t<\/div>\n\t\t\t\t<\/article>\n\t\t\t\t<\/div>\n\t\t\n\t\t\t\t\t\t<\/div>\n\t\t\t\t<\/div>\n\t\t\t\t<div class=\"elementor-element elementor-element-4653147 elementor-grid-2 elementor-grid-tablet-2 elementor-grid-mobile-1 elementor-posts--thumbnail-top elementor-widget elementor-widget-posts\" data-id=\"4653147\" data-element_type=\"widget\" data-e-type=\"widget\" data-settings=\"{&quot;classic_columns&quot;:&quot;2&quot;,&quot;classic_columns_tablet&quot;:&quot;2&quot;,&quot;classic_columns_mobile&quot;:&quot;1&quot;,&quot;classic_row_gap&quot;:{&quot;unit&quot;:&quot;px&quot;,&quot;size&quot;:35,&quot;sizes&quot;:[]},&quot;classic_row_gap_tablet&quot;:{&quot;unit&quot;:&quot;px&quot;,&quot;size&quot;:&quot;&quot;,&quot;sizes&quot;:[]},&quot;classic_row_gap_mobile&quot;:{&quot;unit&quot;:&quot;px&quot;,&quot;size&quot;:&quot;&quot;,&quot;sizes&quot;:[]}}\" data-widget_type=\"posts.classic\">\n\t\t\t\t<div class=\"elementor-widget-container\">\n\t\t\t\t\t\t\t<div class=\"elementor-posts-container elementor-posts elementor-posts--skin-classic elementor-grid\" role=\"list\">\n\t\t\t\t<article class=\"elementor-post elementor-grid-item post-163 post type-post status-publish format-standard has-post-thumbnail hentry category-die-cgw-nerds\" role=\"listitem\">\n\t\t\t\t<a class=\"elementor-post__thumbnail__link\" href=\"https:\/\/cgw.gmbh\/starter06\/die-cgw-nerds\/rank-math-das-seo-super-tool\/\" tabindex=\"-1\" >\n\t\t\t<div class=\"elementor-post__thumbnail\"><img decoding=\"async\" width=\"768\" height=\"512\" src=\"https:\/\/cgw.gmbh\/starter06\/wp-content\/uploads\/sites\/4\/2022\/01\/cgw-platzhalter_trending-768x512.jpg\" class=\"attachment-medium_large size-medium_large wp-image-164\" alt=\"\" srcset=\"https:\/\/cgw.gmbh\/starter06\/wp-content\/uploads\/sites\/4\/2022\/01\/cgw-platzhalter_trending-768x512.jpg 768w, https:\/\/cgw.gmbh\/starter06\/wp-content\/uploads\/sites\/4\/2022\/01\/cgw-platzhalter_trending-300x200.jpg 300w, https:\/\/cgw.gmbh\/starter06\/wp-content\/uploads\/sites\/4\/2022\/01\/cgw-platzhalter_trending.jpg 1000w\" sizes=\"(max-width: 768px) 100vw, 768px\" \/><\/div>\n\t\t<\/a>\n\t\t\t\t<div class=\"elementor-post__text\">\n\t\t\t\t<h3 class=\"elementor-post__title\">\n\t\t\t<a href=\"https:\/\/cgw.gmbh\/starter06\/die-cgw-nerds\/rank-math-das-seo-super-tool\/\" >\n\t\t\t\tRank Math \u2013 Das SEO Super Tool\t\t\t<\/a>\n\t\t<\/h3>\n\t\t\t\t<div class=\"elementor-post__meta-data\">\n\t\t\t\t\t<span class=\"elementor-post-date\">\n\t\t\t20. Januar 2022\t\t<\/span>\n\t\t\t\t<\/div>\n\t\t\t\t<div class=\"elementor-post__excerpt\">\n\t\t\t<p>Das SEO Super Tool hei\u00dft Rank Math und ist in seiner kostenlosen Version umfangreicher als das komplette Yoast SEO Premium Bundle! Yoast SEO \u2013 altbew\u00e4hrt,<\/p>\n\t\t<\/div>\n\t\t\n\t\t<a class=\"elementor-post__read-more\" href=\"https:\/\/cgw.gmbh\/starter06\/die-cgw-nerds\/rank-math-das-seo-super-tool\/\" aria-label=\"Mehr \u00fcber Rank Math \u2013 Das SEO Super Tool\" tabindex=\"-1\" >\n\t\t\tWeiterlesen \u00bb\t\t<\/a>\n\n\t\t\t\t<\/div>\n\t\t\t\t<\/article>\n\t\t\t\t<article class=\"elementor-post elementor-grid-item post-160 post type-post status-publish format-standard has-post-thumbnail hentry category-allgemein\" role=\"listitem\">\n\t\t\t\t<a class=\"elementor-post__thumbnail__link\" href=\"https:\/\/cgw.gmbh\/starter06\/allgemein\/agenturhund-sam\/\" tabindex=\"-1\" >\n\t\t\t<div class=\"elementor-post__thumbnail\"><img decoding=\"async\" width=\"768\" height=\"512\" src=\"https:\/\/cgw.gmbh\/starter06\/wp-content\/uploads\/sites\/4\/2022\/01\/cgw-platzhalter_blog-beitrag-agenturhund-sam-768x512.jpg\" class=\"attachment-medium_large size-medium_large wp-image-161\" alt=\"\" srcset=\"https:\/\/cgw.gmbh\/starter06\/wp-content\/uploads\/sites\/4\/2022\/01\/cgw-platzhalter_blog-beitrag-agenturhund-sam-768x512.jpg 768w, https:\/\/cgw.gmbh\/starter06\/wp-content\/uploads\/sites\/4\/2022\/01\/cgw-platzhalter_blog-beitrag-agenturhund-sam-300x200.jpg 300w, https:\/\/cgw.gmbh\/starter06\/wp-content\/uploads\/sites\/4\/2022\/01\/cgw-platzhalter_blog-beitrag-agenturhund-sam.jpg 1000w\" sizes=\"(max-width: 768px) 100vw, 768px\" \/><\/div>\n\t\t<\/a>\n\t\t\t\t<div class=\"elementor-post__text\">\n\t\t\t\t<h3 class=\"elementor-post__title\">\n\t\t\t<a href=\"https:\/\/cgw.gmbh\/starter06\/allgemein\/agenturhund-sam\/\" >\n\t\t\t\tAgenturhund Sam\t\t\t<\/a>\n\t\t<\/h3>\n\t\t\t\t<div class=\"elementor-post__meta-data\">\n\t\t\t\t\t<span class=\"elementor-post-date\">\n\t\t\t20. Januar 2022\t\t<\/span>\n\t\t\t\t<\/div>\n\t\t\t\t<div class=\"elementor-post__excerpt\">\n\t\t\t<p>Seit 3 Monaten begleitet uns CGW-Agenturhund Sam uns durch den Alltag. Heute erz\u00e4hlt Hannah Euch, welche Besonderheiten er so mit sich bringt. Seit nun schon<\/p>\n\t\t<\/div>\n\t\t\n\t\t<a class=\"elementor-post__read-more\" href=\"https:\/\/cgw.gmbh\/starter06\/allgemein\/agenturhund-sam\/\" aria-label=\"Mehr \u00fcber Agenturhund Sam\" tabindex=\"-1\" >\n\t\t\tWeiterlesen \u00bb\t\t<\/a>\n\n\t\t\t\t<\/div>\n\t\t\t\t<\/article>\n\t\t\t\t<article class=\"elementor-post elementor-grid-item post-156 post type-post status-publish format-standard has-post-thumbnail hentry category-azubi-blog\" role=\"listitem\">\n\t\t\t\t<a class=\"elementor-post__thumbnail__link\" href=\"https:\/\/cgw.gmbh\/starter06\/azubi-blog\/das-erste-ausbildungsjahr\/\" tabindex=\"-1\" >\n\t\t\t<div class=\"elementor-post__thumbnail\"><img loading=\"lazy\" decoding=\"async\" width=\"768\" height=\"256\" src=\"https:\/\/cgw.gmbh\/starter06\/wp-content\/uploads\/sites\/4\/2022\/01\/cgw-platzhalter_blog-beitrag-azubi-blog-768x256.jpg\" class=\"attachment-medium_large size-medium_large wp-image-157\" alt=\"\" srcset=\"https:\/\/cgw.gmbh\/starter06\/wp-content\/uploads\/sites\/4\/2022\/01\/cgw-platzhalter_blog-beitrag-azubi-blog-768x256.jpg 768w, https:\/\/cgw.gmbh\/starter06\/wp-content\/uploads\/sites\/4\/2022\/01\/cgw-platzhalter_blog-beitrag-azubi-blog-300x100.jpg 300w, https:\/\/cgw.gmbh\/starter06\/wp-content\/uploads\/sites\/4\/2022\/01\/cgw-platzhalter_blog-beitrag-azubi-blog.jpg 1000w\" sizes=\"(max-width: 768px) 100vw, 768px\" \/><\/div>\n\t\t<\/a>\n\t\t\t\t<div class=\"elementor-post__text\">\n\t\t\t\t<h3 class=\"elementor-post__title\">\n\t\t\t<a href=\"https:\/\/cgw.gmbh\/starter06\/azubi-blog\/das-erste-ausbildungsjahr\/\" >\n\t\t\t\tDas erste Ausbildungsjahr\t\t\t<\/a>\n\t\t<\/h3>\n\t\t\t\t<div class=\"elementor-post__meta-data\">\n\t\t\t\t\t<span class=\"elementor-post-date\">\n\t\t\t20. Januar 2022\t\t<\/span>\n\t\t\t\t<\/div>\n\t\t\t\t<div class=\"elementor-post__excerpt\">\n\t\t\t<p>Heute m\u00f6chten wir mit Euch teilen, wie wir unser erstes Ausbildungsjahr bei der CGW empfunden haben. Hallo zusammen, heute m\u00f6chten wir mit Euch teilen, wie<\/p>\n\t\t<\/div>\n\t\t\n\t\t<a class=\"elementor-post__read-more\" href=\"https:\/\/cgw.gmbh\/starter06\/azubi-blog\/das-erste-ausbildungsjahr\/\" aria-label=\"Mehr \u00fcber Das erste Ausbildungsjahr\" tabindex=\"-1\" >\n\t\t\tWeiterlesen \u00bb\t\t<\/a>\n\n\t\t\t\t<\/div>\n\t\t\t\t<\/article>\n\t\t\t\t<article class=\"elementor-post elementor-grid-item post-154 post type-post status-publish format-standard has-post-thumbnail hentry category-die-cgw-nerds\" role=\"listitem\">\n\t\t\t\t<a class=\"elementor-post__thumbnail__link\" href=\"https:\/\/cgw.gmbh\/starter06\/die-cgw-nerds\/der-digitale-wordpress-fruehjahrsputz-in-4-einfachen-schritten\/\" tabindex=\"-1\" >\n\t\t\t<div class=\"elementor-post__thumbnail\"><img loading=\"lazy\" decoding=\"async\" width=\"768\" height=\"512\" src=\"https:\/\/cgw.gmbh\/starter06\/wp-content\/uploads\/sites\/4\/2022\/01\/cgw-platzhalter_buerogegenstaende_dynamisch-768x512.jpg\" class=\"attachment-medium_large size-medium_large wp-image-105\" alt=\"\" srcset=\"https:\/\/cgw.gmbh\/starter06\/wp-content\/uploads\/sites\/4\/2022\/01\/cgw-platzhalter_buerogegenstaende_dynamisch-768x512.jpg 768w, https:\/\/cgw.gmbh\/starter06\/wp-content\/uploads\/sites\/4\/2022\/01\/cgw-platzhalter_buerogegenstaende_dynamisch-300x200.jpg 300w, https:\/\/cgw.gmbh\/starter06\/wp-content\/uploads\/sites\/4\/2022\/01\/cgw-platzhalter_buerogegenstaende_dynamisch.jpg 1000w\" sizes=\"(max-width: 768px) 100vw, 768px\" \/><\/div>\n\t\t<\/a>\n\t\t\t\t<div class=\"elementor-post__text\">\n\t\t\t\t<h3 class=\"elementor-post__title\">\n\t\t\t<a href=\"https:\/\/cgw.gmbh\/starter06\/die-cgw-nerds\/der-digitale-wordpress-fruehjahrsputz-in-4-einfachen-schritten\/\" >\n\t\t\t\tDer digitale WordPress-Fr\u00fchjahrsputz in 4 einfachen Schritten\t\t\t<\/a>\n\t\t<\/h3>\n\t\t\t\t<div class=\"elementor-post__meta-data\">\n\t\t\t\t\t<span class=\"elementor-post-date\">\n\t\t\t20. Januar 2022\t\t<\/span>\n\t\t\t\t<\/div>\n\t\t\t\t<div class=\"elementor-post__excerpt\">\n\t\t\t<p>Einmal im Jahr sollten Sie einen digitalen WordPress-Fr\u00fchjahrsputz machen Der Hauptzweck des digitalen WordPress-Fr\u00fchjahrsputzes (zu jeder Jahreszeit umsetzbar) besteht darin, die Website\u00a0schneller, sicherer und schlanker\u00a0zu<\/p>\n\t\t<\/div>\n\t\t\n\t\t<a class=\"elementor-post__read-more\" href=\"https:\/\/cgw.gmbh\/starter06\/die-cgw-nerds\/der-digitale-wordpress-fruehjahrsputz-in-4-einfachen-schritten\/\" aria-label=\"Mehr \u00fcber Der digitale WordPress-Fr\u00fchjahrsputz in 4 einfachen Schritten\" tabindex=\"-1\" >\n\t\t\tWeiterlesen \u00bb\t\t<\/a>\n\n\t\t\t\t<\/div>\n\t\t\t\t<\/article>\n\t\t\t\t<\/div>\n\t\t\n\t\t\t\t\t\t<\/div>\n\t\t\t\t<\/div>\n\t\t\t\t\t<\/div>\n\t\t<\/div>\n\t\t\t\t\t<\/div>\n\t\t<\/section>\n\t\t\t\t<\/div>\n\t\t","protected":false},"excerpt":{"rendered":"<p>Livin&#8216; the CGW Life Der Arbeitsalltag in der CGW ist so abwechslungsreich, dass wir ganze B\u00fccher schreiben k\u00f6nnten. Weil bloggen aber schneller geht, haben wir uns daf\u00fcr entschieden.\u00a0Unser Blog gibt aktuelle Einblicke in das Agenturleben, zeigen die Menschen, die bei uns arbeiten und vermitteln Wissenswertes rund um die Themen, mit denen wir uns Tag f\u00fcr [&hellip;]<\/p>\n","protected":false},"author":1,"featured_media":67,"parent":0,"menu_order":0,"comment_status":"closed","ping_status":"closed","template":"","meta":{"footnotes":""},"class_list":["post-110","page","type-page","status-publish","has-post-thumbnail","hentry"],"yoast_head":"<!-- This site is optimized with the Yoast SEO plugin v27.4 - https:\/\/yoast.com\/product\/yoast-seo-wordpress\/ -->\n<title>Blog - Starter 06<\/title>\n<meta name=\"robots\" content=\"noindex, follow, max-snippet:-1, max-image-preview:large, max-video-preview:-1\" \/>\n<meta property=\"og:locale\" content=\"de_DE\" \/>\n<meta property=\"og:type\" content=\"article\" \/>\n<meta property=\"og:title\" content=\"Blog - Starter 06\" \/>\n<meta property=\"og:description\" content=\"Livin&#8216; the CGW Life Der Arbeitsalltag in der CGW ist so abwechslungsreich, dass wir ganze B\u00fccher schreiben k\u00f6nnten. Weil bloggen aber schneller geht, haben wir uns daf\u00fcr entschieden.\u00a0Unser Blog gibt aktuelle Einblicke in das Agenturleben, zeigen die Menschen, die bei uns arbeiten und vermitteln Wissenswertes rund um die Themen, mit denen wir uns Tag f\u00fcr [&hellip;]\" \/>\n<meta property=\"og:url\" content=\"https:\/\/cgw.gmbh\/starter06\/blog\/\" \/>\n<meta property=\"og:site_name\" content=\"Starter 06\" \/>\n<meta property=\"article:modified_time\" content=\"2022-11-14T13:53:24+00:00\" \/>\n<meta property=\"og:image\" content=\"https:\/\/cgw.gmbh\/starter06\/wp-content\/uploads\/sites\/4\/2022\/01\/cgw-platzhalter_buero-stifte.jpg\" \/>\n\t<meta property=\"og:image:width\" content=\"1000\" \/>\n\t<meta property=\"og:image:height\" content=\"667\" \/>\n\t<meta property=\"og:image:type\" content=\"image\/jpeg\" \/>\n<meta name=\"twitter:card\" content=\"summary_large_image\" \/>\n<meta name=\"twitter:label1\" content=\"Gesch\u00e4tzte Lesezeit\" \/>\n\t<meta name=\"twitter:data1\" content=\"3\u00a0Minuten\" \/>\n<script type=\"application\/ld+json\" class=\"yoast-schema-graph\">{\"@context\":\"https:\\\/\\\/schema.org\",\"@graph\":[{\"@type\":\"WebPage\",\"@id\":\"https:\\\/\\\/cgw.gmbh\\\/starter06\\\/blog\\\/\",\"url\":\"https:\\\/\\\/cgw.gmbh\\\/starter06\\\/blog\\\/\",\"name\":\"Blog - Starter 06\",\"isPartOf\":{\"@id\":\"https:\\\/\\\/cgw.gmbh\\\/starter06\\\/#website\"},\"primaryImageOfPage\":{\"@id\":\"https:\\\/\\\/cgw.gmbh\\\/starter06\\\/blog\\\/#primaryimage\"},\"image\":{\"@id\":\"https:\\\/\\\/cgw.gmbh\\\/starter06\\\/blog\\\/#primaryimage\"},\"thumbnailUrl\":\"https:\\\/\\\/cgw.gmbh\\\/starter06\\\/wp-content\\\/uploads\\\/sites\\\/4\\\/2022\\\/01\\\/cgw-platzhalter_buero-stifte.jpg\",\"datePublished\":\"2022-01-20T12:58:54+00:00\",\"dateModified\":\"2022-11-14T13:53:24+00:00\",\"breadcrumb\":{\"@id\":\"https:\\\/\\\/cgw.gmbh\\\/starter06\\\/blog\\\/#breadcrumb\"},\"inLanguage\":\"de\",\"potentialAction\":[{\"@type\":\"ReadAction\",\"target\":[\"https:\\\/\\\/cgw.gmbh\\\/starter06\\\/blog\\\/\"]}]},{\"@type\":\"ImageObject\",\"inLanguage\":\"de\",\"@id\":\"https:\\\/\\\/cgw.gmbh\\\/starter06\\\/blog\\\/#primaryimage\",\"url\":\"https:\\\/\\\/cgw.gmbh\\\/starter06\\\/wp-content\\\/uploads\\\/sites\\\/4\\\/2022\\\/01\\\/cgw-platzhalter_buero-stifte.jpg\",\"contentUrl\":\"https:\\\/\\\/cgw.gmbh\\\/starter06\\\/wp-content\\\/uploads\\\/sites\\\/4\\\/2022\\\/01\\\/cgw-platzhalter_buero-stifte.jpg\",\"width\":1000,\"height\":667},{\"@type\":\"BreadcrumbList\",\"@id\":\"https:\\\/\\\/cgw.gmbh\\\/starter06\\\/blog\\\/#breadcrumb\",\"itemListElement\":[{\"@type\":\"ListItem\",\"position\":1,\"name\":\"Startseite\",\"item\":\"https:\\\/\\\/cgw.gmbh\\\/starter06\\\/\"},{\"@type\":\"ListItem\",\"position\":2,\"name\":\"Blog\"}]},{\"@type\":\"WebSite\",\"@id\":\"https:\\\/\\\/cgw.gmbh\\\/starter06\\\/#website\",\"url\":\"https:\\\/\\\/cgw.gmbh\\\/starter06\\\/\",\"name\":\"Starter 06\",\"description\":\"Agentur f\u00fcr Full-Service-Kommunikation\",\"publisher\":{\"@id\":\"https:\\\/\\\/cgw.gmbh\\\/starter06\\\/#organization\"},\"potentialAction\":[{\"@type\":\"SearchAction\",\"target\":{\"@type\":\"EntryPoint\",\"urlTemplate\":\"https:\\\/\\\/cgw.gmbh\\\/starter06\\\/?s={search_term_string}\"},\"query-input\":{\"@type\":\"PropertyValueSpecification\",\"valueRequired\":true,\"valueName\":\"search_term_string\"}}],\"inLanguage\":\"de\"},{\"@type\":\"Organization\",\"@id\":\"https:\\\/\\\/cgw.gmbh\\\/starter06\\\/#organization\",\"name\":\"Starter 06\",\"url\":\"https:\\\/\\\/cgw.gmbh\\\/starter06\\\/\",\"logo\":{\"@type\":\"ImageObject\",\"inLanguage\":\"de\",\"@id\":\"https:\\\/\\\/cgw.gmbh\\\/starter06\\\/#\\\/schema\\\/logo\\\/image\\\/\",\"url\":\"https:\\\/\\\/cgw.gmbh\\\/starter06\\\/wp-content\\\/uploads\\\/sites\\\/4\\\/2022\\\/01\\\/cgw-web-logo.png\",\"contentUrl\":\"https:\\\/\\\/cgw.gmbh\\\/starter06\\\/wp-content\\\/uploads\\\/sites\\\/4\\\/2022\\\/01\\\/cgw-web-logo.png\",\"width\":1068,\"height\":332,\"caption\":\"Starter 06\"},\"image\":{\"@id\":\"https:\\\/\\\/cgw.gmbh\\\/starter06\\\/#\\\/schema\\\/logo\\\/image\\\/\"}}]}<\/script>\n<!-- \/ Yoast SEO plugin. -->","yoast_head_json":{"title":"Blog - Starter 06","robots":{"index":"noindex","follow":"follow","max-snippet":"max-snippet:-1","max-image-preview":"max-image-preview:large","max-video-preview":"max-video-preview:-1"},"og_locale":"de_DE","og_type":"article","og_title":"Blog - Starter 06","og_description":"Livin&#8216; the CGW Life Der Arbeitsalltag in der CGW ist so abwechslungsreich, dass wir ganze B\u00fccher schreiben k\u00f6nnten. Weil bloggen aber schneller geht, haben wir uns daf\u00fcr entschieden.\u00a0Unser Blog gibt aktuelle Einblicke in das Agenturleben, zeigen die Menschen, die bei uns arbeiten und vermitteln Wissenswertes rund um die Themen, mit denen wir uns Tag f\u00fcr [&hellip;]","og_url":"https:\/\/cgw.gmbh\/starter06\/blog\/","og_site_name":"Starter 06","article_modified_time":"2022-11-14T13:53:24+00:00","og_image":[{"width":1000,"height":667,"url":"https:\/\/cgw.gmbh\/starter06\/wp-content\/uploads\/sites\/4\/2022\/01\/cgw-platzhalter_buero-stifte.jpg","type":"image\/jpeg"}],"twitter_card":"summary_large_image","twitter_misc":{"Gesch\u00e4tzte Lesezeit":"3\u00a0Minuten"},"schema":{"@context":"https:\/\/schema.org","@graph":[{"@type":"WebPage","@id":"https:\/\/cgw.gmbh\/starter06\/blog\/","url":"https:\/\/cgw.gmbh\/starter06\/blog\/","name":"Blog - Starter 06","isPartOf":{"@id":"https:\/\/cgw.gmbh\/starter06\/#website"},"primaryImageOfPage":{"@id":"https:\/\/cgw.gmbh\/starter06\/blog\/#primaryimage"},"image":{"@id":"https:\/\/cgw.gmbh\/starter06\/blog\/#primaryimage"},"thumbnailUrl":"https:\/\/cgw.gmbh\/starter06\/wp-content\/uploads\/sites\/4\/2022\/01\/cgw-platzhalter_buero-stifte.jpg","datePublished":"2022-01-20T12:58:54+00:00","dateModified":"2022-11-14T13:53:24+00:00","breadcrumb":{"@id":"https:\/\/cgw.gmbh\/starter06\/blog\/#breadcrumb"},"inLanguage":"de","potentialAction":[{"@type":"ReadAction","target":["https:\/\/cgw.gmbh\/starter06\/blog\/"]}]},{"@type":"ImageObject","inLanguage":"de","@id":"https:\/\/cgw.gmbh\/starter06\/blog\/#primaryimage","url":"https:\/\/cgw.gmbh\/starter06\/wp-content\/uploads\/sites\/4\/2022\/01\/cgw-platzhalter_buero-stifte.jpg","contentUrl":"https:\/\/cgw.gmbh\/starter06\/wp-content\/uploads\/sites\/4\/2022\/01\/cgw-platzhalter_buero-stifte.jpg","width":1000,"height":667},{"@type":"BreadcrumbList","@id":"https:\/\/cgw.gmbh\/starter06\/blog\/#breadcrumb","itemListElement":[{"@type":"ListItem","position":1,"name":"Startseite","item":"https:\/\/cgw.gmbh\/starter06\/"},{"@type":"ListItem","position":2,"name":"Blog"}]},{"@type":"WebSite","@id":"https:\/\/cgw.gmbh\/starter06\/#website","url":"https:\/\/cgw.gmbh\/starter06\/","name":"Starter 06","description":"Agentur f\u00fcr Full-Service-Kommunikation","publisher":{"@id":"https:\/\/cgw.gmbh\/starter06\/#organization"},"potentialAction":[{"@type":"SearchAction","target":{"@type":"EntryPoint","urlTemplate":"https:\/\/cgw.gmbh\/starter06\/?s={search_term_string}"},"query-input":{"@type":"PropertyValueSpecification","valueRequired":true,"valueName":"search_term_string"}}],"inLanguage":"de"},{"@type":"Organization","@id":"https:\/\/cgw.gmbh\/starter06\/#organization","name":"Starter 06","url":"https:\/\/cgw.gmbh\/starter06\/","logo":{"@type":"ImageObject","inLanguage":"de","@id":"https:\/\/cgw.gmbh\/starter06\/#\/schema\/logo\/image\/","url":"https:\/\/cgw.gmbh\/starter06\/wp-content\/uploads\/sites\/4\/2022\/01\/cgw-web-logo.png","contentUrl":"https:\/\/cgw.gmbh\/starter06\/wp-content\/uploads\/sites\/4\/2022\/01\/cgw-web-logo.png","width":1068,"height":332,"caption":"Starter 06"},"image":{"@id":"https:\/\/cgw.gmbh\/starter06\/#\/schema\/logo\/image\/"}}]}},"_links":{"self":[{"href":"https:\/\/cgw.gmbh\/starter06\/wp-json\/wp\/v2\/pages\/110","targetHints":{"allow":["GET"]}}],"collection":[{"href":"https:\/\/cgw.gmbh\/starter06\/wp-json\/wp\/v2\/pages"}],"about":[{"href":"https:\/\/cgw.gmbh\/starter06\/wp-json\/wp\/v2\/types\/page"}],"author":[{"embeddable":true,"href":"https:\/\/cgw.gmbh\/starter06\/wp-json\/wp\/v2\/users\/1"}],"replies":[{"embeddable":true,"href":"https:\/\/cgw.gmbh\/starter06\/wp-json\/wp\/v2\/comments?post=110"}],"version-history":[{"count":26,"href":"https:\/\/cgw.gmbh\/starter06\/wp-json\/wp\/v2\/pages\/110\/revisions"}],"predecessor-version":[{"id":1553,"href":"https:\/\/cgw.gmbh\/starter06\/wp-json\/wp\/v2\/pages\/110\/revisions\/1553"}],"wp:featuredmedia":[{"embeddable":true,"href":"https:\/\/cgw.gmbh\/starter06\/wp-json\/wp\/v2\/media\/67"}],"wp:attachment":[{"href":"https:\/\/cgw.gmbh\/starter06\/wp-json\/wp\/v2\/media?parent=110"}],"curies":[{"name":"wp","href":"https:\/\/api.w.org\/{rel}","templated":true}]}}