{"id":409,"date":"2021-08-24T10:30:39","date_gmt":"2021-08-24T08:30:39","guid":{"rendered":"https:\/\/cgw.gmbh\/starter04\/?page_id=409"},"modified":"2022-11-14T11:37:56","modified_gmt":"2022-11-14T10:37:56","slug":"dienstleistungen","status":"publish","type":"page","link":"https:\/\/cgw.gmbh\/starter04\/dienstleistungen\/","title":{"rendered":"Dienstleistungen"},"content":{"rendered":"\t\t<div data-elementor-type=\"wp-page\" data-elementor-id=\"409\" class=\"elementor elementor-409\" data-elementor-post-type=\"page\">\n\t\t\t\t\t\t<section class=\"elementor-section elementor-top-section elementor-element elementor-element-b1c08c6 elementor-section-boxed elementor-section-height-default elementor-section-height-default\" data-id=\"b1c08c6\" data-element_type=\"section\" data-e-type=\"section\">\n\t\t\t\t\t\t<div class=\"elementor-container elementor-column-gap-default\">\n\t\t\t\t\t<div class=\"elementor-column elementor-col-50 elementor-top-column elementor-element elementor-element-b60af95\" data-id=\"b60af95\" data-element_type=\"column\" data-e-type=\"column\">\n\t\t\t<div class=\"elementor-widget-wrap elementor-element-populated\">\n\t\t\t\t\t\t<div class=\"elementor-element elementor-element-291bfe5 elementor-widget elementor-widget-heading\" data-id=\"291bfe5\" data-element_type=\"widget\" data-e-type=\"widget\" data-widget_type=\"heading.default\">\n\t\t\t\t<div class=\"elementor-widget-container\">\n\t\t\t\t\t<h2 class=\"elementor-heading-title elementor-size-default\">Gute Arbeit. Konstant.<\/h2>\t\t\t\t<\/div>\n\t\t\t\t<\/div>\n\t\t\t\t\t<\/div>\n\t\t<\/div>\n\t\t\t\t<div class=\"elementor-column elementor-col-50 elementor-top-column elementor-element elementor-element-5f7d138\" data-id=\"5f7d138\" data-element_type=\"column\" data-e-type=\"column\">\n\t\t\t<div class=\"elementor-widget-wrap elementor-element-populated\">\n\t\t\t\t\t\t<div class=\"elementor-element elementor-element-dfa5595 elementor-widget elementor-widget-text-editor\" data-id=\"dfa5595\" data-element_type=\"widget\" data-e-type=\"widget\" data-widget_type=\"text-editor.default\">\n\t\t\t\t<div class=\"elementor-widget-container\">\n\t\t\t\t\t\t\t\t\t<p>Seit \u00fcber 35 Jahren sind wir unterwegs in Sachen Kommunikation und Marketing \u2013 f\u00fcr Kunden in Willich, Krefeld, M\u00f6nchengladbach und Kaarst genauso wie in Reutlingen, Stuttgart, Berlin und Bonn.\u00a0Qualit\u00e4t spielt die zentrale Rolle in unserer t\u00e4glichen Arbeit f\u00fcr unsere Kunden. Dabei legen wir Wert auf eine gute, schnelle, zuverl\u00e4ssige und qualitative Bearbeitung der Anliegen unserer Kunden. S\u00e4mtliche Produkte, die die CGW verlassen, werden mit entsprechender Sorgfalt bearbeitet<\/p>\t\t\t\t\t\t\t\t<\/div>\n\t\t\t\t<\/div>\n\t\t\t\t\t<\/div>\n\t\t<\/div>\n\t\t\t\t\t<\/div>\n\t\t<\/section>\n\t\t\t\t<section class=\"elementor-section elementor-top-section elementor-element elementor-element-c0e724a elementor-section-boxed elementor-section-height-default elementor-section-height-default\" data-id=\"c0e724a\" data-element_type=\"section\" data-e-type=\"section\">\n\t\t\t\t\t\t<div class=\"elementor-container elementor-column-gap-default\">\n\t\t\t\t\t<div class=\"elementor-column elementor-col-100 elementor-top-column elementor-element elementor-element-1e5d2b5\" data-id=\"1e5d2b5\" data-element_type=\"column\" data-e-type=\"column\" data-settings=\"{&quot;background_background&quot;:&quot;classic&quot;}\">\n\t\t\t<div class=\"elementor-widget-wrap elementor-element-populated\">\n\t\t\t\t\t\t<div class=\"elementor-element elementor-element-c4061bb elementor-widget elementor-widget-heading\" data-id=\"c4061bb\" data-element_type=\"widget\" data-e-type=\"widget\" data-widget_type=\"heading.default\">\n\t\t\t\t<div class=\"elementor-widget-container\">\n\t\t\t\t\t<h2 class=\"elementor-heading-title elementor-size-default\">Spezielle Leistungen im Detail<\/h2>\t\t\t\t<\/div>\n\t\t\t\t<\/div>\n\t\t\t\t<div class=\"elementor-element elementor-element-299d314 elementor-grid-tablet-1 elementor-grid-3 elementor-grid-mobile-1 elementor-posts--thumbnail-top elementor-posts__hover-gradient elementor-widget elementor-widget-posts\" data-id=\"299d314\" data-element_type=\"widget\" data-e-type=\"widget\" data-settings=\"{&quot;cards_columns_tablet&quot;:&quot;1&quot;,&quot;cards_columns&quot;:&quot;3&quot;,&quot;cards_columns_mobile&quot;:&quot;1&quot;,&quot;cards_row_gap&quot;:{&quot;unit&quot;:&quot;px&quot;,&quot;size&quot;:35,&quot;sizes&quot;:[]},&quot;cards_row_gap_tablet&quot;:{&quot;unit&quot;:&quot;px&quot;,&quot;size&quot;:&quot;&quot;,&quot;sizes&quot;:[]},&quot;cards_row_gap_mobile&quot;:{&quot;unit&quot;:&quot;px&quot;,&quot;size&quot;:&quot;&quot;,&quot;sizes&quot;:[]}}\" data-widget_type=\"posts.cards\">\n\t\t\t\t<div class=\"elementor-widget-container\">\n\t\t\t\t\t\t\t<div class=\"elementor-posts-container elementor-posts elementor-posts--skin-cards elementor-grid\" role=\"list\">\n\t\t\t\t<article class=\"elementor-post elementor-grid-item post-346 page type-page status-publish has-post-thumbnail hentry\" role=\"listitem\">\n\t\t\t<div class=\"elementor-post__card\">\n\t\t\t\t<a class=\"elementor-post__thumbnail__link\" href=\"https:\/\/cgw.gmbh\/starter04\/dienstleistungen\/web\/\" tabindex=\"-1\" ><div class=\"elementor-post__thumbnail\"><img fetchpriority=\"high\" decoding=\"async\" width=\"300\" height=\"200\" src=\"https:\/\/cgw.gmbh\/starter04\/wp-content\/uploads\/sites\/2\/2021\/09\/cgw-platzhalter_web-responsive-300x200.jpg\" class=\"attachment-medium size-medium wp-image-1218\" alt=\"Unterschiedliche Endger\u00e4te in unterschiedlichen Gr\u00f6\u00dfen, stellen die gleiche Internetseite dar.\" srcset=\"https:\/\/cgw.gmbh\/starter04\/wp-content\/uploads\/sites\/2\/2021\/09\/cgw-platzhalter_web-responsive-300x200.jpg 300w, https:\/\/cgw.gmbh\/starter04\/wp-content\/uploads\/sites\/2\/2021\/09\/cgw-platzhalter_web-responsive-768x512.jpg 768w, https:\/\/cgw.gmbh\/starter04\/wp-content\/uploads\/sites\/2\/2021\/09\/cgw-platzhalter_web-responsive.jpg 1000w\" sizes=\"(max-width: 300px) 100vw, 300px\" \/><\/div><\/a>\n\t\t\t\t<div class=\"elementor-post__text\">\n\t\t\t\t<h3 class=\"elementor-post__title\">\n\t\t\t<a href=\"https:\/\/cgw.gmbh\/starter04\/dienstleistungen\/web\/\" >\n\t\t\t\tWeb\t\t\t<\/a>\n\t\t<\/h3>\n\t\t\t\t<div class=\"elementor-post__excerpt\">\n\t\t\t<p>Immer auf dem Laufenden bleiben Das Internet mit seinen Kan\u00e4len ist fester Bestandteil im Online-Marketinag und st\u00e4ndig in Bewegung. Die<\/p>\n\t\t<\/div>\n\t\t\n\t\t<a class=\"elementor-post__read-more\" href=\"https:\/\/cgw.gmbh\/starter04\/dienstleistungen\/web\/\" aria-label=\"Mehr \u00fcber Web\" tabindex=\"-1\" >\n\t\t\tMehr lesen\u00bb\t\t<\/a>\n\n\t\t\t\t<\/div>\n\t\t\t\t\t<\/div>\n\t\t<\/article>\n\t\t\t\t<article class=\"elementor-post elementor-grid-item post-448 page type-page status-publish has-post-thumbnail hentry\" role=\"listitem\">\n\t\t\t<div class=\"elementor-post__card\">\n\t\t\t\t<a class=\"elementor-post__thumbnail__link\" href=\"https:\/\/cgw.gmbh\/starter04\/dienstleistungen\/seo-sea\/\" tabindex=\"-1\" ><div class=\"elementor-post__thumbnail\"><img decoding=\"async\" width=\"300\" height=\"200\" src=\"https:\/\/cgw.gmbh\/starter04\/wp-content\/uploads\/sites\/2\/2021\/09\/cgw-platzhalter_seo-bot-300x200.jpg\" class=\"attachment-medium size-medium wp-image-1219\" alt=\"\" srcset=\"https:\/\/cgw.gmbh\/starter04\/wp-content\/uploads\/sites\/2\/2021\/09\/cgw-platzhalter_seo-bot-300x200.jpg 300w, https:\/\/cgw.gmbh\/starter04\/wp-content\/uploads\/sites\/2\/2021\/09\/cgw-platzhalter_seo-bot-768x512.jpg 768w, https:\/\/cgw.gmbh\/starter04\/wp-content\/uploads\/sites\/2\/2021\/09\/cgw-platzhalter_seo-bot.jpg 1000w\" sizes=\"(max-width: 300px) 100vw, 300px\" \/><\/div><\/a>\n\t\t\t\t<div class=\"elementor-post__text\">\n\t\t\t\t<h3 class=\"elementor-post__title\">\n\t\t\t<a href=\"https:\/\/cgw.gmbh\/starter04\/dienstleistungen\/seo-sea\/\" >\n\t\t\t\tSEO &#038; SEA\t\t\t<\/a>\n\t\t<\/h3>\n\t\t\t\t<div class=\"elementor-post__excerpt\">\n\t\t\t<p>Suchmaschinen&shy;optimierung &#038; Suchmaschinen&shy;werbung Je gr\u00f6\u00dfer der Wettbewerb im Internet, desto mehr Anstrengungen sind notwendig, damit Ihre Website \u2013 und nicht<\/p>\n\t\t<\/div>\n\t\t\n\t\t<a class=\"elementor-post__read-more\" href=\"https:\/\/cgw.gmbh\/starter04\/dienstleistungen\/seo-sea\/\" aria-label=\"Mehr \u00fcber SEO &#038; SEA\" tabindex=\"-1\" >\n\t\t\tMehr lesen\u00bb\t\t<\/a>\n\n\t\t\t\t<\/div>\n\t\t\t\t\t<\/div>\n\t\t<\/article>\n\t\t\t\t<article class=\"elementor-post elementor-grid-item post-463 page type-page status-publish has-post-thumbnail hentry\" role=\"listitem\">\n\t\t\t<div class=\"elementor-post__card\">\n\t\t\t\t<a class=\"elementor-post__thumbnail__link\" href=\"https:\/\/cgw.gmbh\/starter04\/dienstleistungen\/social-media\/\" tabindex=\"-1\" ><div class=\"elementor-post__thumbnail\"><img decoding=\"async\" width=\"300\" height=\"200\" src=\"https:\/\/cgw.gmbh\/starter04\/wp-content\/uploads\/sites\/2\/2021\/09\/cgw-platzhalter_social-media-300x200.jpg\" class=\"attachment-medium size-medium wp-image-1220\" alt=\"\" srcset=\"https:\/\/cgw.gmbh\/starter04\/wp-content\/uploads\/sites\/2\/2021\/09\/cgw-platzhalter_social-media-300x200.jpg 300w, https:\/\/cgw.gmbh\/starter04\/wp-content\/uploads\/sites\/2\/2021\/09\/cgw-platzhalter_social-media-768x512.jpg 768w, https:\/\/cgw.gmbh\/starter04\/wp-content\/uploads\/sites\/2\/2021\/09\/cgw-platzhalter_social-media.jpg 1000w\" sizes=\"(max-width: 300px) 100vw, 300px\" \/><\/div><\/a>\n\t\t\t\t<div class=\"elementor-post__text\">\n\t\t\t\t<h3 class=\"elementor-post__title\">\n\t\t\t<a href=\"https:\/\/cgw.gmbh\/starter04\/dienstleistungen\/social-media\/\" >\n\t\t\t\tSocial Media\t\t\t<\/a>\n\t\t<\/h3>\n\t\t\t\t<div class=\"elementor-post__excerpt\">\n\t\t\t<p>Ganzheitliche Social Media Betreuung Wir k\u00fcmmern uns um Ihre ganzheitliche Social Media Betreuung. Dabei spielt es keine Rolle, ob es<\/p>\n\t\t<\/div>\n\t\t\n\t\t<a class=\"elementor-post__read-more\" href=\"https:\/\/cgw.gmbh\/starter04\/dienstleistungen\/social-media\/\" aria-label=\"Mehr \u00fcber Social Media\" tabindex=\"-1\" >\n\t\t\tMehr lesen\u00bb\t\t<\/a>\n\n\t\t\t\t<\/div>\n\t\t\t\t\t<\/div>\n\t\t<\/article>\n\t\t\t\t<\/div>\n\t\t\n\t\t\t\t\t\t<\/div>\n\t\t\t\t<\/div>\n\t\t\t\t\t<\/div>\n\t\t<\/div>\n\t\t\t\t\t<\/div>\n\t\t<\/section>\n\t\t\t\t<\/div>\n\t\t","protected":false},"excerpt":{"rendered":"<p>Gute Arbeit. Konstant. Seit \u00fcber 35 Jahren sind wir unterwegs in Sachen Kommunikation und Marketing \u2013 f\u00fcr Kunden in Willich, Krefeld, M\u00f6nchengladbach und Kaarst genauso wie in Reutlingen, Stuttgart, Berlin und Bonn.\u00a0Qualit\u00e4t spielt die zentrale Rolle in unserer t\u00e4glichen Arbeit f\u00fcr unsere Kunden. Dabei legen wir Wert auf eine gute, schnelle, zuverl\u00e4ssige und qualitative Bearbeitung [&hellip;]<\/p>\n","protected":false},"author":1,"featured_media":1240,"parent":0,"menu_order":0,"comment_status":"closed","ping_status":"closed","template":"","meta":{"footnotes":""},"class_list":["post-409","page","type-page","status-publish","has-post-thumbnail","hentry"],"yoast_head":"<!-- This site is optimized with the Yoast SEO plugin v27.4 - https:\/\/yoast.com\/product\/yoast-seo-wordpress\/ -->\n<title>Dienstleistungen - Starter 04<\/title>\n<meta name=\"robots\" content=\"noindex, follow, max-snippet:-1, max-image-preview:large, max-video-preview:-1\" \/>\n<meta property=\"og:locale\" content=\"de_DE\" \/>\n<meta property=\"og:type\" content=\"article\" \/>\n<meta property=\"og:title\" content=\"Dienstleistungen - Starter 04\" \/>\n<meta property=\"og:description\" content=\"Gute Arbeit. Konstant. Seit \u00fcber 35 Jahren sind wir unterwegs in Sachen Kommunikation und Marketing \u2013 f\u00fcr Kunden in Willich, Krefeld, M\u00f6nchengladbach und Kaarst genauso wie in Reutlingen, Stuttgart, Berlin und Bonn.\u00a0Qualit\u00e4t spielt die zentrale Rolle in unserer t\u00e4glichen Arbeit f\u00fcr unsere Kunden. Dabei legen wir Wert auf eine gute, schnelle, zuverl\u00e4ssige und qualitative Bearbeitung [&hellip;]\" \/>\n<meta property=\"og:url\" content=\"https:\/\/cgw.gmbh\/starter04\/dienstleistungen\/\" \/>\n<meta property=\"og:site_name\" content=\"Starter 04\" \/>\n<meta property=\"article:modified_time\" content=\"2022-11-14T10:37:56+00:00\" \/>\n<meta property=\"og:image\" content=\"https:\/\/cgw.gmbh\/starter04\/wp-content\/uploads\/sites\/2\/2021\/09\/cgw-platzhalter_buerogegenstaende_dynamisch.jpg\" \/>\n\t<meta property=\"og:image:width\" content=\"1000\" \/>\n\t<meta property=\"og:image:height\" content=\"667\" \/>\n\t<meta property=\"og:image:type\" content=\"image\/jpeg\" \/>\n<meta name=\"twitter:card\" content=\"summary_large_image\" \/>\n<meta name=\"twitter:label1\" content=\"Gesch\u00e4tzte Lesezeit\" \/>\n\t<meta name=\"twitter:data1\" content=\"2\u00a0Minuten\" \/>\n<script type=\"application\/ld+json\" class=\"yoast-schema-graph\">{\"@context\":\"https:\\\/\\\/schema.org\",\"@graph\":[{\"@type\":\"WebPage\",\"@id\":\"https:\\\/\\\/cgw.gmbh\\\/starter04\\\/dienstleistungen\\\/\",\"url\":\"https:\\\/\\\/cgw.gmbh\\\/starter04\\\/dienstleistungen\\\/\",\"name\":\"Dienstleistungen - Starter 04\",\"isPartOf\":{\"@id\":\"https:\\\/\\\/cgw.gmbh\\\/starter04\\\/#website\"},\"primaryImageOfPage\":{\"@id\":\"https:\\\/\\\/cgw.gmbh\\\/starter04\\\/dienstleistungen\\\/#primaryimage\"},\"image\":{\"@id\":\"https:\\\/\\\/cgw.gmbh\\\/starter04\\\/dienstleistungen\\\/#primaryimage\"},\"thumbnailUrl\":\"https:\\\/\\\/cgw.gmbh\\\/starter04\\\/wp-content\\\/uploads\\\/sites\\\/2\\\/2021\\\/09\\\/cgw-platzhalter_buerogegenstaende_dynamisch.jpg\",\"datePublished\":\"2021-08-24T08:30:39+00:00\",\"dateModified\":\"2022-11-14T10:37:56+00:00\",\"breadcrumb\":{\"@id\":\"https:\\\/\\\/cgw.gmbh\\\/starter04\\\/dienstleistungen\\\/#breadcrumb\"},\"inLanguage\":\"de\",\"potentialAction\":[{\"@type\":\"ReadAction\",\"target\":[\"https:\\\/\\\/cgw.gmbh\\\/starter04\\\/dienstleistungen\\\/\"]}]},{\"@type\":\"ImageObject\",\"inLanguage\":\"de\",\"@id\":\"https:\\\/\\\/cgw.gmbh\\\/starter04\\\/dienstleistungen\\\/#primaryimage\",\"url\":\"https:\\\/\\\/cgw.gmbh\\\/starter04\\\/wp-content\\\/uploads\\\/sites\\\/2\\\/2021\\\/09\\\/cgw-platzhalter_buerogegenstaende_dynamisch.jpg\",\"contentUrl\":\"https:\\\/\\\/cgw.gmbh\\\/starter04\\\/wp-content\\\/uploads\\\/sites\\\/2\\\/2021\\\/09\\\/cgw-platzhalter_buerogegenstaende_dynamisch.jpg\",\"width\":1000,\"height\":667},{\"@type\":\"BreadcrumbList\",\"@id\":\"https:\\\/\\\/cgw.gmbh\\\/starter04\\\/dienstleistungen\\\/#breadcrumb\",\"itemListElement\":[{\"@type\":\"ListItem\",\"position\":1,\"name\":\"Startseite\",\"item\":\"https:\\\/\\\/cgw.gmbh\\\/starter04\\\/\"},{\"@type\":\"ListItem\",\"position\":2,\"name\":\"Dienstleistungen\"}]},{\"@type\":\"WebSite\",\"@id\":\"https:\\\/\\\/cgw.gmbh\\\/starter04\\\/#website\",\"url\":\"https:\\\/\\\/cgw.gmbh\\\/starter04\\\/\",\"name\":\"Starter 04\",\"description\":\"Agentur f\u00fcr Full-Service-Kommunikation\",\"publisher\":{\"@id\":\"https:\\\/\\\/cgw.gmbh\\\/starter04\\\/#organization\"},\"potentialAction\":[{\"@type\":\"SearchAction\",\"target\":{\"@type\":\"EntryPoint\",\"urlTemplate\":\"https:\\\/\\\/cgw.gmbh\\\/starter04\\\/?s={search_term_string}\"},\"query-input\":{\"@type\":\"PropertyValueSpecification\",\"valueRequired\":true,\"valueName\":\"search_term_string\"}}],\"inLanguage\":\"de\"},{\"@type\":\"Organization\",\"@id\":\"https:\\\/\\\/cgw.gmbh\\\/starter04\\\/#organization\",\"name\":\"Starter 04\",\"url\":\"https:\\\/\\\/cgw.gmbh\\\/starter04\\\/\",\"logo\":{\"@type\":\"ImageObject\",\"inLanguage\":\"de\",\"@id\":\"https:\\\/\\\/cgw.gmbh\\\/starter04\\\/#\\\/schema\\\/logo\\\/image\\\/\",\"url\":\"https:\\\/\\\/cgw.gmbh\\\/starter04\\\/wp-content\\\/uploads\\\/sites\\\/2\\\/2021\\\/08\\\/cgw-web-logo.png\",\"contentUrl\":\"https:\\\/\\\/cgw.gmbh\\\/starter04\\\/wp-content\\\/uploads\\\/sites\\\/2\\\/2021\\\/08\\\/cgw-web-logo.png\",\"width\":1068,\"height\":332,\"caption\":\"Starter 04\"},\"image\":{\"@id\":\"https:\\\/\\\/cgw.gmbh\\\/starter04\\\/#\\\/schema\\\/logo\\\/image\\\/\"}}]}<\/script>\n<!-- \/ Yoast SEO plugin. -->","yoast_head_json":{"title":"Dienstleistungen - Starter 04","robots":{"index":"noindex","follow":"follow","max-snippet":"max-snippet:-1","max-image-preview":"max-image-preview:large","max-video-preview":"max-video-preview:-1"},"og_locale":"de_DE","og_type":"article","og_title":"Dienstleistungen - Starter 04","og_description":"Gute Arbeit. Konstant. Seit \u00fcber 35 Jahren sind wir unterwegs in Sachen Kommunikation und Marketing \u2013 f\u00fcr Kunden in Willich, Krefeld, M\u00f6nchengladbach und Kaarst genauso wie in Reutlingen, Stuttgart, Berlin und Bonn.\u00a0Qualit\u00e4t spielt die zentrale Rolle in unserer t\u00e4glichen Arbeit f\u00fcr unsere Kunden. Dabei legen wir Wert auf eine gute, schnelle, zuverl\u00e4ssige und qualitative Bearbeitung [&hellip;]","og_url":"https:\/\/cgw.gmbh\/starter04\/dienstleistungen\/","og_site_name":"Starter 04","article_modified_time":"2022-11-14T10:37:56+00:00","og_image":[{"width":1000,"height":667,"url":"https:\/\/cgw.gmbh\/starter04\/wp-content\/uploads\/sites\/2\/2021\/09\/cgw-platzhalter_buerogegenstaende_dynamisch.jpg","type":"image\/jpeg"}],"twitter_card":"summary_large_image","twitter_misc":{"Gesch\u00e4tzte Lesezeit":"2\u00a0Minuten"},"schema":{"@context":"https:\/\/schema.org","@graph":[{"@type":"WebPage","@id":"https:\/\/cgw.gmbh\/starter04\/dienstleistungen\/","url":"https:\/\/cgw.gmbh\/starter04\/dienstleistungen\/","name":"Dienstleistungen - Starter 04","isPartOf":{"@id":"https:\/\/cgw.gmbh\/starter04\/#website"},"primaryImageOfPage":{"@id":"https:\/\/cgw.gmbh\/starter04\/dienstleistungen\/#primaryimage"},"image":{"@id":"https:\/\/cgw.gmbh\/starter04\/dienstleistungen\/#primaryimage"},"thumbnailUrl":"https:\/\/cgw.gmbh\/starter04\/wp-content\/uploads\/sites\/2\/2021\/09\/cgw-platzhalter_buerogegenstaende_dynamisch.jpg","datePublished":"2021-08-24T08:30:39+00:00","dateModified":"2022-11-14T10:37:56+00:00","breadcrumb":{"@id":"https:\/\/cgw.gmbh\/starter04\/dienstleistungen\/#breadcrumb"},"inLanguage":"de","potentialAction":[{"@type":"ReadAction","target":["https:\/\/cgw.gmbh\/starter04\/dienstleistungen\/"]}]},{"@type":"ImageObject","inLanguage":"de","@id":"https:\/\/cgw.gmbh\/starter04\/dienstleistungen\/#primaryimage","url":"https:\/\/cgw.gmbh\/starter04\/wp-content\/uploads\/sites\/2\/2021\/09\/cgw-platzhalter_buerogegenstaende_dynamisch.jpg","contentUrl":"https:\/\/cgw.gmbh\/starter04\/wp-content\/uploads\/sites\/2\/2021\/09\/cgw-platzhalter_buerogegenstaende_dynamisch.jpg","width":1000,"height":667},{"@type":"BreadcrumbList","@id":"https:\/\/cgw.gmbh\/starter04\/dienstleistungen\/#breadcrumb","itemListElement":[{"@type":"ListItem","position":1,"name":"Startseite","item":"https:\/\/cgw.gmbh\/starter04\/"},{"@type":"ListItem","position":2,"name":"Dienstleistungen"}]},{"@type":"WebSite","@id":"https:\/\/cgw.gmbh\/starter04\/#website","url":"https:\/\/cgw.gmbh\/starter04\/","name":"Starter 04","description":"Agentur f\u00fcr Full-Service-Kommunikation","publisher":{"@id":"https:\/\/cgw.gmbh\/starter04\/#organization"},"potentialAction":[{"@type":"SearchAction","target":{"@type":"EntryPoint","urlTemplate":"https:\/\/cgw.gmbh\/starter04\/?s={search_term_string}"},"query-input":{"@type":"PropertyValueSpecification","valueRequired":true,"valueName":"search_term_string"}}],"inLanguage":"de"},{"@type":"Organization","@id":"https:\/\/cgw.gmbh\/starter04\/#organization","name":"Starter 04","url":"https:\/\/cgw.gmbh\/starter04\/","logo":{"@type":"ImageObject","inLanguage":"de","@id":"https:\/\/cgw.gmbh\/starter04\/#\/schema\/logo\/image\/","url":"https:\/\/cgw.gmbh\/starter04\/wp-content\/uploads\/sites\/2\/2021\/08\/cgw-web-logo.png","contentUrl":"https:\/\/cgw.gmbh\/starter04\/wp-content\/uploads\/sites\/2\/2021\/08\/cgw-web-logo.png","width":1068,"height":332,"caption":"Starter 04"},"image":{"@id":"https:\/\/cgw.gmbh\/starter04\/#\/schema\/logo\/image\/"}}]}},"_links":{"self":[{"href":"https:\/\/cgw.gmbh\/starter04\/wp-json\/wp\/v2\/pages\/409","targetHints":{"allow":["GET"]}}],"collection":[{"href":"https:\/\/cgw.gmbh\/starter04\/wp-json\/wp\/v2\/pages"}],"about":[{"href":"https:\/\/cgw.gmbh\/starter04\/wp-json\/wp\/v2\/types\/page"}],"author":[{"embeddable":true,"href":"https:\/\/cgw.gmbh\/starter04\/wp-json\/wp\/v2\/users\/1"}],"replies":[{"embeddable":true,"href":"https:\/\/cgw.gmbh\/starter04\/wp-json\/wp\/v2\/comments?post=409"}],"version-history":[{"count":86,"href":"https:\/\/cgw.gmbh\/starter04\/wp-json\/wp\/v2\/pages\/409\/revisions"}],"predecessor-version":[{"id":2231,"href":"https:\/\/cgw.gmbh\/starter04\/wp-json\/wp\/v2\/pages\/409\/revisions\/2231"}],"wp:featuredmedia":[{"embeddable":true,"href":"https:\/\/cgw.gmbh\/starter04\/wp-json\/wp\/v2\/media\/1240"}],"wp:attachment":[{"href":"https:\/\/cgw.gmbh\/starter04\/wp-json\/wp\/v2\/media?parent=409"}],"curies":[{"name":"wp","href":"https:\/\/api.w.org\/{rel}","templated":true}]}}