{"id":218,"date":"2022-01-14T10:40:40","date_gmt":"2022-01-14T09:40:40","guid":{"rendered":"https:\/\/cgw.gmbh\/starter01\/?page_id=218"},"modified":"2024-02-02T14:56:01","modified_gmt":"2024-02-02T13:56:01","slug":"vielen-dank-fuer-ihre-anfrage","status":"publish","type":"page","link":"https:\/\/cgw.gmbh\/starter01\/kontakt\/vielen-dank-fuer-ihre-anfrage\/","title":{"rendered":"Vielen Dank f\u00fcr Ihre Anfrage"},"content":{"rendered":"\t\t<div data-elementor-type=\"wp-page\" data-elementor-id=\"218\" class=\"elementor elementor-218\" data-elementor-post-type=\"page\">\n\t\t\t\t\t\t<section class=\"elementor-section elementor-top-section elementor-element elementor-element-5c88396 elementor-section-boxed elementor-section-height-default elementor-section-height-default\" data-id=\"5c88396\" data-element_type=\"section\" data-e-type=\"section\">\n\t\t\t\t\t\t<div class=\"elementor-container elementor-column-gap-default\">\n\t\t\t\t\t<div class=\"elementor-column elementor-col-100 elementor-top-column elementor-element elementor-element-fb1c05b\" data-id=\"fb1c05b\" data-element_type=\"column\" data-e-type=\"column\">\n\t\t\t<div class=\"elementor-widget-wrap elementor-element-populated\">\n\t\t\t\t\t\t<div class=\"elementor-element elementor-element-ccc8e2d elementor-widget elementor-widget-heading\" data-id=\"ccc8e2d\" data-element_type=\"widget\" data-e-type=\"widget\" data-widget_type=\"heading.default\">\n\t\t\t\t<div class=\"elementor-widget-container\">\n\t\t\t\t\t<h1 class=\"elementor-heading-title elementor-size-medium\">VIELEN DANK! WIR WERDEN IHRE ANFRAGE SO SCHNELL WIE M\u00d6GLICH BEANTWORTEN.\n<\/h1>\t\t\t\t<\/div>\n\t\t\t\t<\/div>\n\t\t\t\t<div class=\"elementor-element elementor-element-faf310d elementor-align-left elementor-invisible elementor-widget elementor-widget-button\" data-id=\"faf310d\" data-element_type=\"widget\" data-e-type=\"widget\" data-settings=\"{&quot;_animation&quot;:&quot;fadeInUp&quot;,&quot;_animation_delay&quot;:750}\" data-widget_type=\"button.default\">\n\t\t\t\t<div class=\"elementor-widget-container\">\n\t\t\t\t\t\t\t\t\t<div class=\"elementor-button-wrapper\">\n\t\t\t\t\t<a class=\"elementor-button elementor-button-link elementor-size-lg elementor-animation-pulse-grow\" href=\"https:\/\/cgw.gmbh\/starter01\">\n\t\t\t\t\t\t<span class=\"elementor-button-content-wrapper\">\n\t\t\t\t\t\t\t\t\t<span class=\"elementor-button-text\">Zur\u00fcck zur Startseite<\/span>\n\t\t\t\t\t<\/span>\n\t\t\t\t\t<\/a>\n\t\t\t\t<\/div>\n\t\t\t\t\t\t\t\t<\/div>\n\t\t\t\t<\/div>\n\t\t\t\t\t<\/div>\n\t\t<\/div>\n\t\t\t\t\t<\/div>\n\t\t<\/section>\n\t\t\t\t<\/div>\n\t\t","protected":false},"excerpt":{"rendered":"<p>VIELEN DANK! WIR WERDEN IHRE ANFRAGE SO SCHNELL WIE M\u00d6GLICH BEANTWORTEN. Zur\u00fcck zur Startseite<\/p>\n","protected":false},"author":1,"featured_media":310,"parent":216,"menu_order":0,"comment_status":"closed","ping_status":"closed","template":"","meta":{"footnotes":""},"class_list":["post-218","page","type-page","status-publish","has-post-thumbnail","hentry"],"yoast_head":"<!-- This site is optimized with the Yoast SEO plugin v27.4 - https:\/\/yoast.com\/product\/yoast-seo-wordpress\/ -->\n<title>Vielen Dank f\u00fcr Ihre Anfrage - Starter 01<\/title>\n<meta name=\"robots\" content=\"noindex, follow, max-snippet:-1, max-image-preview:large, max-video-preview:-1\" \/>\n<meta property=\"og:locale\" content=\"de_DE\" \/>\n<meta property=\"og:type\" content=\"article\" \/>\n<meta property=\"og:title\" content=\"Vielen Dank f\u00fcr Ihre Anfrage - Starter 01\" \/>\n<meta property=\"og:description\" content=\"VIELEN DANK! WIR WERDEN IHRE ANFRAGE SO SCHNELL WIE M\u00d6GLICH BEANTWORTEN. Zur\u00fcck zur Startseite\" \/>\n<meta property=\"og:url\" content=\"https:\/\/cgw.gmbh\/starter01\/kontakt\/vielen-dank-fuer-ihre-anfrage\/\" \/>\n<meta property=\"og:site_name\" content=\"Starter 01\" \/>\n<meta property=\"article:modified_time\" content=\"2024-02-02T13:56:01+00:00\" \/>\n<meta property=\"og:image\" content=\"https:\/\/cgw.gmbh\/starter01\/wp-content\/uploads\/sites\/6\/2022\/06\/cgw-platzhalter_abstrakt01.jpg\" \/>\n\t<meta property=\"og:image:width\" content=\"667\" \/>\n\t<meta property=\"og:image:height\" content=\"1000\" \/>\n\t<meta property=\"og:image:type\" content=\"image\/jpeg\" \/>\n<meta name=\"twitter:card\" content=\"summary_large_image\" \/>\n<meta name=\"twitter:label1\" content=\"Gesch\u00e4tzte Lesezeit\" \/>\n\t<meta name=\"twitter:data1\" content=\"1\u00a0Minute\" \/>\n<script type=\"application\/ld+json\" class=\"yoast-schema-graph\">{\"@context\":\"https:\\\/\\\/schema.org\",\"@graph\":[{\"@type\":\"WebPage\",\"@id\":\"https:\\\/\\\/cgw.gmbh\\\/starter01\\\/kontakt\\\/vielen-dank-fuer-ihre-anfrage\\\/\",\"url\":\"https:\\\/\\\/cgw.gmbh\\\/starter01\\\/kontakt\\\/vielen-dank-fuer-ihre-anfrage\\\/\",\"name\":\"Vielen Dank f\u00fcr Ihre Anfrage - Starter 01\",\"isPartOf\":{\"@id\":\"https:\\\/\\\/cgw.gmbh\\\/starter01\\\/#website\"},\"primaryImageOfPage\":{\"@id\":\"https:\\\/\\\/cgw.gmbh\\\/starter01\\\/kontakt\\\/vielen-dank-fuer-ihre-anfrage\\\/#primaryimage\"},\"image\":{\"@id\":\"https:\\\/\\\/cgw.gmbh\\\/starter01\\\/kontakt\\\/vielen-dank-fuer-ihre-anfrage\\\/#primaryimage\"},\"thumbnailUrl\":\"https:\\\/\\\/cgw.gmbh\\\/starter01\\\/wp-content\\\/uploads\\\/sites\\\/6\\\/2022\\\/06\\\/cgw-platzhalter_abstrakt01.jpg\",\"datePublished\":\"2022-01-14T09:40:40+00:00\",\"dateModified\":\"2024-02-02T13:56:01+00:00\",\"breadcrumb\":{\"@id\":\"https:\\\/\\\/cgw.gmbh\\\/starter01\\\/kontakt\\\/vielen-dank-fuer-ihre-anfrage\\\/#breadcrumb\"},\"inLanguage\":\"de\",\"potentialAction\":[{\"@type\":\"ReadAction\",\"target\":[\"https:\\\/\\\/cgw.gmbh\\\/starter01\\\/kontakt\\\/vielen-dank-fuer-ihre-anfrage\\\/\"]}]},{\"@type\":\"ImageObject\",\"inLanguage\":\"de\",\"@id\":\"https:\\\/\\\/cgw.gmbh\\\/starter01\\\/kontakt\\\/vielen-dank-fuer-ihre-anfrage\\\/#primaryimage\",\"url\":\"https:\\\/\\\/cgw.gmbh\\\/starter01\\\/wp-content\\\/uploads\\\/sites\\\/6\\\/2022\\\/06\\\/cgw-platzhalter_abstrakt01.jpg\",\"contentUrl\":\"https:\\\/\\\/cgw.gmbh\\\/starter01\\\/wp-content\\\/uploads\\\/sites\\\/6\\\/2022\\\/06\\\/cgw-platzhalter_abstrakt01.jpg\",\"width\":667,\"height\":1000},{\"@type\":\"BreadcrumbList\",\"@id\":\"https:\\\/\\\/cgw.gmbh\\\/starter01\\\/kontakt\\\/vielen-dank-fuer-ihre-anfrage\\\/#breadcrumb\",\"itemListElement\":[{\"@type\":\"ListItem\",\"position\":1,\"name\":\"Startseite\",\"item\":\"https:\\\/\\\/cgw.gmbh\\\/starter01\\\/\"},{\"@type\":\"ListItem\",\"position\":2,\"name\":\"Kontakt\",\"item\":\"https:\\\/\\\/cgw.gmbh\\\/starter01\\\/kontakt\\\/\"},{\"@type\":\"ListItem\",\"position\":3,\"name\":\"Vielen Dank f\u00fcr Ihre Anfrage\"}]},{\"@type\":\"WebSite\",\"@id\":\"https:\\\/\\\/cgw.gmbh\\\/starter01\\\/#website\",\"url\":\"https:\\\/\\\/cgw.gmbh\\\/starter01\\\/\",\"name\":\"Starter 01\",\"description\":\"Agentur f\u00fcr Full-Service-Kommunikation\",\"publisher\":{\"@id\":\"https:\\\/\\\/cgw.gmbh\\\/starter01\\\/#organization\"},\"potentialAction\":[{\"@type\":\"SearchAction\",\"target\":{\"@type\":\"EntryPoint\",\"urlTemplate\":\"https:\\\/\\\/cgw.gmbh\\\/starter01\\\/?s={search_term_string}\"},\"query-input\":{\"@type\":\"PropertyValueSpecification\",\"valueRequired\":true,\"valueName\":\"search_term_string\"}}],\"inLanguage\":\"de\"},{\"@type\":\"Organization\",\"@id\":\"https:\\\/\\\/cgw.gmbh\\\/starter01\\\/#organization\",\"name\":\"Starter 01\",\"url\":\"https:\\\/\\\/cgw.gmbh\\\/starter01\\\/\",\"logo\":{\"@type\":\"ImageObject\",\"inLanguage\":\"de\",\"@id\":\"https:\\\/\\\/cgw.gmbh\\\/starter01\\\/#\\\/schema\\\/logo\\\/image\\\/\",\"url\":\"https:\\\/\\\/cgw.gmbh\\\/starter01\\\/wp-content\\\/uploads\\\/sites\\\/6\\\/2022\\\/01\\\/cgw-web-logo.png\",\"contentUrl\":\"https:\\\/\\\/cgw.gmbh\\\/starter01\\\/wp-content\\\/uploads\\\/sites\\\/6\\\/2022\\\/01\\\/cgw-web-logo.png\",\"width\":1068,\"height\":332,\"caption\":\"Starter 01\"},\"image\":{\"@id\":\"https:\\\/\\\/cgw.gmbh\\\/starter01\\\/#\\\/schema\\\/logo\\\/image\\\/\"}}]}<\/script>\n<!-- \/ Yoast SEO plugin. -->","yoast_head_json":{"title":"Vielen Dank f\u00fcr Ihre Anfrage - Starter 01","robots":{"index":"noindex","follow":"follow","max-snippet":"max-snippet:-1","max-image-preview":"max-image-preview:large","max-video-preview":"max-video-preview:-1"},"og_locale":"de_DE","og_type":"article","og_title":"Vielen Dank f\u00fcr Ihre Anfrage - Starter 01","og_description":"VIELEN DANK! WIR WERDEN IHRE ANFRAGE SO SCHNELL WIE M\u00d6GLICH BEANTWORTEN. Zur\u00fcck zur Startseite","og_url":"https:\/\/cgw.gmbh\/starter01\/kontakt\/vielen-dank-fuer-ihre-anfrage\/","og_site_name":"Starter 01","article_modified_time":"2024-02-02T13:56:01+00:00","og_image":[{"width":667,"height":1000,"url":"https:\/\/cgw.gmbh\/starter01\/wp-content\/uploads\/sites\/6\/2022\/06\/cgw-platzhalter_abstrakt01.jpg","type":"image\/jpeg"}],"twitter_card":"summary_large_image","twitter_misc":{"Gesch\u00e4tzte Lesezeit":"1\u00a0Minute"},"schema":{"@context":"https:\/\/schema.org","@graph":[{"@type":"WebPage","@id":"https:\/\/cgw.gmbh\/starter01\/kontakt\/vielen-dank-fuer-ihre-anfrage\/","url":"https:\/\/cgw.gmbh\/starter01\/kontakt\/vielen-dank-fuer-ihre-anfrage\/","name":"Vielen Dank f\u00fcr Ihre Anfrage - Starter 01","isPartOf":{"@id":"https:\/\/cgw.gmbh\/starter01\/#website"},"primaryImageOfPage":{"@id":"https:\/\/cgw.gmbh\/starter01\/kontakt\/vielen-dank-fuer-ihre-anfrage\/#primaryimage"},"image":{"@id":"https:\/\/cgw.gmbh\/starter01\/kontakt\/vielen-dank-fuer-ihre-anfrage\/#primaryimage"},"thumbnailUrl":"https:\/\/cgw.gmbh\/starter01\/wp-content\/uploads\/sites\/6\/2022\/06\/cgw-platzhalter_abstrakt01.jpg","datePublished":"2022-01-14T09:40:40+00:00","dateModified":"2024-02-02T13:56:01+00:00","breadcrumb":{"@id":"https:\/\/cgw.gmbh\/starter01\/kontakt\/vielen-dank-fuer-ihre-anfrage\/#breadcrumb"},"inLanguage":"de","potentialAction":[{"@type":"ReadAction","target":["https:\/\/cgw.gmbh\/starter01\/kontakt\/vielen-dank-fuer-ihre-anfrage\/"]}]},{"@type":"ImageObject","inLanguage":"de","@id":"https:\/\/cgw.gmbh\/starter01\/kontakt\/vielen-dank-fuer-ihre-anfrage\/#primaryimage","url":"https:\/\/cgw.gmbh\/starter01\/wp-content\/uploads\/sites\/6\/2022\/06\/cgw-platzhalter_abstrakt01.jpg","contentUrl":"https:\/\/cgw.gmbh\/starter01\/wp-content\/uploads\/sites\/6\/2022\/06\/cgw-platzhalter_abstrakt01.jpg","width":667,"height":1000},{"@type":"BreadcrumbList","@id":"https:\/\/cgw.gmbh\/starter01\/kontakt\/vielen-dank-fuer-ihre-anfrage\/#breadcrumb","itemListElement":[{"@type":"ListItem","position":1,"name":"Startseite","item":"https:\/\/cgw.gmbh\/starter01\/"},{"@type":"ListItem","position":2,"name":"Kontakt","item":"https:\/\/cgw.gmbh\/starter01\/kontakt\/"},{"@type":"ListItem","position":3,"name":"Vielen Dank f\u00fcr Ihre Anfrage"}]},{"@type":"WebSite","@id":"https:\/\/cgw.gmbh\/starter01\/#website","url":"https:\/\/cgw.gmbh\/starter01\/","name":"Starter 01","description":"Agentur f\u00fcr Full-Service-Kommunikation","publisher":{"@id":"https:\/\/cgw.gmbh\/starter01\/#organization"},"potentialAction":[{"@type":"SearchAction","target":{"@type":"EntryPoint","urlTemplate":"https:\/\/cgw.gmbh\/starter01\/?s={search_term_string}"},"query-input":{"@type":"PropertyValueSpecification","valueRequired":true,"valueName":"search_term_string"}}],"inLanguage":"de"},{"@type":"Organization","@id":"https:\/\/cgw.gmbh\/starter01\/#organization","name":"Starter 01","url":"https:\/\/cgw.gmbh\/starter01\/","logo":{"@type":"ImageObject","inLanguage":"de","@id":"https:\/\/cgw.gmbh\/starter01\/#\/schema\/logo\/image\/","url":"https:\/\/cgw.gmbh\/starter01\/wp-content\/uploads\/sites\/6\/2022\/01\/cgw-web-logo.png","contentUrl":"https:\/\/cgw.gmbh\/starter01\/wp-content\/uploads\/sites\/6\/2022\/01\/cgw-web-logo.png","width":1068,"height":332,"caption":"Starter 01"},"image":{"@id":"https:\/\/cgw.gmbh\/starter01\/#\/schema\/logo\/image\/"}}]}},"_links":{"self":[{"href":"https:\/\/cgw.gmbh\/starter01\/wp-json\/wp\/v2\/pages\/218","targetHints":{"allow":["GET"]}}],"collection":[{"href":"https:\/\/cgw.gmbh\/starter01\/wp-json\/wp\/v2\/pages"}],"about":[{"href":"https:\/\/cgw.gmbh\/starter01\/wp-json\/wp\/v2\/types\/page"}],"author":[{"embeddable":true,"href":"https:\/\/cgw.gmbh\/starter01\/wp-json\/wp\/v2\/users\/1"}],"replies":[{"embeddable":true,"href":"https:\/\/cgw.gmbh\/starter01\/wp-json\/wp\/v2\/comments?post=218"}],"version-history":[{"count":19,"href":"https:\/\/cgw.gmbh\/starter01\/wp-json\/wp\/v2\/pages\/218\/revisions"}],"predecessor-version":[{"id":1104,"href":"https:\/\/cgw.gmbh\/starter01\/wp-json\/wp\/v2\/pages\/218\/revisions\/1104"}],"up":[{"embeddable":true,"href":"https:\/\/cgw.gmbh\/starter01\/wp-json\/wp\/v2\/pages\/216"}],"wp:featuredmedia":[{"embeddable":true,"href":"https:\/\/cgw.gmbh\/starter01\/wp-json\/wp\/v2\/media\/310"}],"wp:attachment":[{"href":"https:\/\/cgw.gmbh\/starter01\/wp-json\/wp\/v2\/media?parent=218"}],"curies":[{"name":"wp","href":"https:\/\/api.w.org\/{rel}","templated":true}]}}