{"id":90,"date":"2022-09-21T16:25:03","date_gmt":"2022-09-21T14:25:03","guid":{"rendered":"https:\/\/cgw.gmbh\/landingpage01\/vielen-dank-fuer-ihre-anfrage\/"},"modified":"2022-11-08T15:40:10","modified_gmt":"2022-11-08T14:40:10","slug":"vielen-dank-fuer-ihre-anfrage","status":"publish","type":"page","link":"https:\/\/cgw.gmbh\/landingpage01\/vielen-dank-fuer-ihre-anfrage\/","title":{"rendered":"Vielen Dank f\u00fcr Ihre Anfrage"},"content":{"rendered":"\t\t<div data-elementor-type=\"wp-page\" data-elementor-id=\"90\" class=\"elementor elementor-90\" data-elementor-post-type=\"page\">\n\t\t\t\t\t\t<section class=\"elementor-section elementor-top-section elementor-element elementor-element-3281fa25 elementor-section-height-min-height elementor-section-items-top elementor-section-boxed elementor-section-height-default\" data-id=\"3281fa25\" data-element_type=\"section\" data-e-type=\"section\">\n\t\t\t\t\t\t<div class=\"elementor-container elementor-column-gap-default\">\n\t\t\t\t\t<div class=\"elementor-column elementor-col-100 elementor-top-column elementor-element elementor-element-50217e34\" data-id=\"50217e34\" data-element_type=\"column\" data-e-type=\"column\">\n\t\t\t<div class=\"elementor-widget-wrap elementor-element-populated\">\n\t\t\t\t\t\t<div class=\"elementor-element elementor-element-f8b855b elementor-widget elementor-widget-text-editor\" data-id=\"f8b855b\" data-element_type=\"widget\" data-e-type=\"widget\" data-widget_type=\"text-editor.default\">\n\t\t\t\t<div class=\"elementor-widget-container\">\n\t\t\t\t\t\t\t\t\t<h5>Vielen Dank! Wir werden Ihre Anfrage so schnell wie m\u00f6glich beantworten.<\/h5>\t\t\t\t\t\t\t\t<\/div>\n\t\t\t\t<\/div>\n\t\t\t\t<div class=\"elementor-element elementor-element-4b3230c0 elementor-align-center elementor-widget elementor-widget-button\" data-id=\"4b3230c0\" data-element_type=\"widget\" data-e-type=\"widget\" data-widget_type=\"button.default\">\n\t\t\t\t<div class=\"elementor-widget-container\">\n\t\t\t\t\t\t\t\t\t<div class=\"elementor-button-wrapper\">\n\t\t\t\t\t<a class=\"elementor-button elementor-button-link elementor-size-md\" href=\"https:\/\/cgw.gmbh\/landingpage01\">\n\t\t\t\t\t\t<span class=\"elementor-button-content-wrapper\">\n\t\t\t\t\t\t\t\t\t<span class=\"elementor-button-text\">Zur\u00fcck zur Startseite<\/span>\n\t\t\t\t\t<\/span>\n\t\t\t\t\t<\/a>\n\t\t\t\t<\/div>\n\t\t\t\t\t\t\t\t<\/div>\n\t\t\t\t<\/div>\n\t\t\t\t\t<\/div>\n\t\t<\/div>\n\t\t\t\t\t<\/div>\n\t\t<\/section>\n\t\t\t\t<\/div>\n\t\t","protected":false},"excerpt":{"rendered":"<p>Vielen Dank! Wir werden Ihre Anfrage so schnell wie m\u00f6glich beantworten. Zur\u00fcck zur Startseite<\/p>\n","protected":false},"author":1,"featured_media":0,"parent":0,"menu_order":0,"comment_status":"closed","ping_status":"closed","template":"","meta":{"footnotes":""},"class_list":["post-90","page","type-page","status-publish","hentry"],"yoast_head":"<!-- This site is optimized with the Yoast SEO plugin v27.4 - https:\/\/yoast.com\/product\/yoast-seo-wordpress\/ -->\n<title>Vielen Dank f\u00fcr Ihre Anfrage - CGW Landingpage 01<\/title>\n<meta name=\"robots\" content=\"index, follow, max-snippet:-1, max-image-preview:large, max-video-preview:-1\" \/>\n<link rel=\"canonical\" href=\"https:\/\/cgw.gmbh\/landingpage01\/vielen-dank-fuer-ihre-anfrage\/\" \/>\n<meta property=\"og:locale\" content=\"de_DE\" \/>\n<meta property=\"og:type\" content=\"article\" \/>\n<meta property=\"og:title\" content=\"Vielen Dank f\u00fcr Ihre Anfrage - CGW Landingpage 01\" \/>\n<meta property=\"og:description\" content=\"Vielen Dank! Wir werden Ihre Anfrage so schnell wie m\u00f6glich beantworten. Zur\u00fcck zur Startseite\" \/>\n<meta property=\"og:url\" content=\"https:\/\/cgw.gmbh\/landingpage01\/vielen-dank-fuer-ihre-anfrage\/\" \/>\n<meta property=\"og:site_name\" content=\"CGW Landingpage 01\" \/>\n<meta property=\"article:modified_time\" content=\"2022-11-08T14:40:10+00:00\" \/>\n<meta name=\"twitter:card\" content=\"summary_large_image\" \/>\n<meta name=\"twitter:label1\" content=\"Gesch\u00e4tzte Lesezeit\" \/>\n\t<meta name=\"twitter:data1\" content=\"1\u00a0Minute\" \/>\n<script type=\"application\/ld+json\" class=\"yoast-schema-graph\">{\"@context\":\"https:\\\/\\\/schema.org\",\"@graph\":[{\"@type\":\"WebPage\",\"@id\":\"https:\\\/\\\/cgw.gmbh\\\/landingpage01\\\/vielen-dank-fuer-ihre-anfrage\\\/\",\"url\":\"https:\\\/\\\/cgw.gmbh\\\/landingpage01\\\/vielen-dank-fuer-ihre-anfrage\\\/\",\"name\":\"Vielen Dank f\u00fcr Ihre Anfrage - CGW Landingpage 01\",\"isPartOf\":{\"@id\":\"https:\\\/\\\/cgw.gmbh\\\/landingpage01\\\/#website\"},\"datePublished\":\"2022-09-21T14:25:03+00:00\",\"dateModified\":\"2022-11-08T14:40:10+00:00\",\"breadcrumb\":{\"@id\":\"https:\\\/\\\/cgw.gmbh\\\/landingpage01\\\/vielen-dank-fuer-ihre-anfrage\\\/#breadcrumb\"},\"inLanguage\":\"de\",\"potentialAction\":[{\"@type\":\"ReadAction\",\"target\":[\"https:\\\/\\\/cgw.gmbh\\\/landingpage01\\\/vielen-dank-fuer-ihre-anfrage\\\/\"]}]},{\"@type\":\"BreadcrumbList\",\"@id\":\"https:\\\/\\\/cgw.gmbh\\\/landingpage01\\\/vielen-dank-fuer-ihre-anfrage\\\/#breadcrumb\",\"itemListElement\":[{\"@type\":\"ListItem\",\"position\":1,\"name\":\"Startseite\",\"item\":\"https:\\\/\\\/cgw.gmbh\\\/landingpage01\\\/\"},{\"@type\":\"ListItem\",\"position\":2,\"name\":\"Vielen Dank f\u00fcr Ihre Anfrage\"}]},{\"@type\":\"WebSite\",\"@id\":\"https:\\\/\\\/cgw.gmbh\\\/landingpage01\\\/#website\",\"url\":\"https:\\\/\\\/cgw.gmbh\\\/landingpage01\\\/\",\"name\":\"CGW Landingpage 01\",\"description\":\"Eine weitere CGW Multiverse Website\",\"publisher\":{\"@id\":\"https:\\\/\\\/cgw.gmbh\\\/landingpage01\\\/#organization\"},\"potentialAction\":[{\"@type\":\"SearchAction\",\"target\":{\"@type\":\"EntryPoint\",\"urlTemplate\":\"https:\\\/\\\/cgw.gmbh\\\/landingpage01\\\/?s={search_term_string}\"},\"query-input\":{\"@type\":\"PropertyValueSpecification\",\"valueRequired\":true,\"valueName\":\"search_term_string\"}}],\"inLanguage\":\"de\"},{\"@type\":\"Organization\",\"@id\":\"https:\\\/\\\/cgw.gmbh\\\/landingpage01\\\/#organization\",\"name\":\"CGW Landingpage 01\",\"url\":\"https:\\\/\\\/cgw.gmbh\\\/landingpage01\\\/\",\"logo\":{\"@type\":\"ImageObject\",\"inLanguage\":\"de\",\"@id\":\"https:\\\/\\\/cgw.gmbh\\\/landingpage01\\\/#\\\/schema\\\/logo\\\/image\\\/\",\"url\":\"https:\\\/\\\/cgw.gmbh\\\/landingpage01\\\/wp-content\\\/uploads\\\/sites\\\/12\\\/2022\\\/09\\\/cgw-web-logo-weiss-orange.png\",\"contentUrl\":\"https:\\\/\\\/cgw.gmbh\\\/landingpage01\\\/wp-content\\\/uploads\\\/sites\\\/12\\\/2022\\\/09\\\/cgw-web-logo-weiss-orange.png\",\"width\":1068,\"height\":332,\"caption\":\"CGW Landingpage 01\"},\"image\":{\"@id\":\"https:\\\/\\\/cgw.gmbh\\\/landingpage01\\\/#\\\/schema\\\/logo\\\/image\\\/\"}}]}<\/script>\n<!-- \/ Yoast SEO plugin. -->","yoast_head_json":{"title":"Vielen Dank f\u00fcr Ihre Anfrage - CGW Landingpage 01","robots":{"index":"index","follow":"follow","max-snippet":"max-snippet:-1","max-image-preview":"max-image-preview:large","max-video-preview":"max-video-preview:-1"},"canonical":"https:\/\/cgw.gmbh\/landingpage01\/vielen-dank-fuer-ihre-anfrage\/","og_locale":"de_DE","og_type":"article","og_title":"Vielen Dank f\u00fcr Ihre Anfrage - CGW Landingpage 01","og_description":"Vielen Dank! Wir werden Ihre Anfrage so schnell wie m\u00f6glich beantworten. Zur\u00fcck zur Startseite","og_url":"https:\/\/cgw.gmbh\/landingpage01\/vielen-dank-fuer-ihre-anfrage\/","og_site_name":"CGW Landingpage 01","article_modified_time":"2022-11-08T14:40:10+00:00","twitter_card":"summary_large_image","twitter_misc":{"Gesch\u00e4tzte Lesezeit":"1\u00a0Minute"},"schema":{"@context":"https:\/\/schema.org","@graph":[{"@type":"WebPage","@id":"https:\/\/cgw.gmbh\/landingpage01\/vielen-dank-fuer-ihre-anfrage\/","url":"https:\/\/cgw.gmbh\/landingpage01\/vielen-dank-fuer-ihre-anfrage\/","name":"Vielen Dank f\u00fcr Ihre Anfrage - CGW Landingpage 01","isPartOf":{"@id":"https:\/\/cgw.gmbh\/landingpage01\/#website"},"datePublished":"2022-09-21T14:25:03+00:00","dateModified":"2022-11-08T14:40:10+00:00","breadcrumb":{"@id":"https:\/\/cgw.gmbh\/landingpage01\/vielen-dank-fuer-ihre-anfrage\/#breadcrumb"},"inLanguage":"de","potentialAction":[{"@type":"ReadAction","target":["https:\/\/cgw.gmbh\/landingpage01\/vielen-dank-fuer-ihre-anfrage\/"]}]},{"@type":"BreadcrumbList","@id":"https:\/\/cgw.gmbh\/landingpage01\/vielen-dank-fuer-ihre-anfrage\/#breadcrumb","itemListElement":[{"@type":"ListItem","position":1,"name":"Startseite","item":"https:\/\/cgw.gmbh\/landingpage01\/"},{"@type":"ListItem","position":2,"name":"Vielen Dank f\u00fcr Ihre Anfrage"}]},{"@type":"WebSite","@id":"https:\/\/cgw.gmbh\/landingpage01\/#website","url":"https:\/\/cgw.gmbh\/landingpage01\/","name":"CGW Landingpage 01","description":"Eine weitere CGW Multiverse Website","publisher":{"@id":"https:\/\/cgw.gmbh\/landingpage01\/#organization"},"potentialAction":[{"@type":"SearchAction","target":{"@type":"EntryPoint","urlTemplate":"https:\/\/cgw.gmbh\/landingpage01\/?s={search_term_string}"},"query-input":{"@type":"PropertyValueSpecification","valueRequired":true,"valueName":"search_term_string"}}],"inLanguage":"de"},{"@type":"Organization","@id":"https:\/\/cgw.gmbh\/landingpage01\/#organization","name":"CGW Landingpage 01","url":"https:\/\/cgw.gmbh\/landingpage01\/","logo":{"@type":"ImageObject","inLanguage":"de","@id":"https:\/\/cgw.gmbh\/landingpage01\/#\/schema\/logo\/image\/","url":"https:\/\/cgw.gmbh\/landingpage01\/wp-content\/uploads\/sites\/12\/2022\/09\/cgw-web-logo-weiss-orange.png","contentUrl":"https:\/\/cgw.gmbh\/landingpage01\/wp-content\/uploads\/sites\/12\/2022\/09\/cgw-web-logo-weiss-orange.png","width":1068,"height":332,"caption":"CGW Landingpage 01"},"image":{"@id":"https:\/\/cgw.gmbh\/landingpage01\/#\/schema\/logo\/image\/"}}]}},"_links":{"self":[{"href":"https:\/\/cgw.gmbh\/landingpage01\/wp-json\/wp\/v2\/pages\/90","targetHints":{"allow":["GET"]}}],"collection":[{"href":"https:\/\/cgw.gmbh\/landingpage01\/wp-json\/wp\/v2\/pages"}],"about":[{"href":"https:\/\/cgw.gmbh\/landingpage01\/wp-json\/wp\/v2\/types\/page"}],"author":[{"embeddable":true,"href":"https:\/\/cgw.gmbh\/landingpage01\/wp-json\/wp\/v2\/users\/1"}],"replies":[{"embeddable":true,"href":"https:\/\/cgw.gmbh\/landingpage01\/wp-json\/wp\/v2\/comments?post=90"}],"version-history":[{"count":12,"href":"https:\/\/cgw.gmbh\/landingpage01\/wp-json\/wp\/v2\/pages\/90\/revisions"}],"predecessor-version":[{"id":431,"href":"https:\/\/cgw.gmbh\/landingpage01\/wp-json\/wp\/v2\/pages\/90\/revisions\/431"}],"wp:attachment":[{"href":"https:\/\/cgw.gmbh\/landingpage01\/wp-json\/wp\/v2\/media?parent=90"}],"curies":[{"name":"wp","href":"https:\/\/api.w.org\/{rel}","templated":true}]}}